{"id":873,"date":"2019-04-15T17:47:56","date_gmt":"2019-04-15T14:47:56","guid":{"rendered":"http:\/\/www.hanectica.net\/kasvit\/?page_id=873"},"modified":"2019-09-09T12:34:04","modified_gmt":"2019-09-09T09:34:04","slug":"fanfiction-la-carta-de-ernesto","status":"publish","type":"page","link":"https:\/\/www.hanectica.net\/kasvit\/en-espanol\/fanfiction-la-carta-de-ernesto\/","title":{"rendered":"Fanfiction: La carta de Ernesto"},"content":{"rendered":"<p style=\"text-align: right;\">Barcelona, 23 de enero de 1960<\/p>\n<p style=\"text-align: left;\">Querida hermana:<\/p>\n<p>Siento que me te acerque con una carta de papel. Sorprender\u00e1s que no te llame o visite en persona. Te escribo esta carta para que no puedas impedirme de hacer lo que tengo que hacer. Cuando la recibas, ya me he marchado.<br \/>\nDentro de dos horas voy a despedirme de Barcelona. Y no s\u00e9, cu\u00e1nto tiempo estar\u00e9 ausente. Quiz\u00e1 hasta siempre o quiz\u00e1 vuelva alg\u00fan d\u00eda. Qui\u00e9n sabe.<br \/>\nEstoy seguro que adivinas que se trata de Alicia. S\u00ed, voy a seguirla. Nadie, excepto t\u00fa, sabe que estoy enamorado de ella. No, no solo enamorado, sino que la amo. La amo con todo mi coraz\u00f3n y toda mi vida. As\u00ed es, no existo sin ella. Y solo yo quedo. Fernandito est\u00e1 con Sof\u00eda. Pobre Vargas, ya sabes qu\u00e9 le pas\u00f3. Soy el \u00fanico que queda. No es mucho. Un hombre que va en las sombras y los rincones. Una sombra, un fantasma, lo soy yo. Mi \u00fanica meta \u2014mi prop\u00f3sito de vida\u2014 es proteger a Alicia. Pues, trato de protegerla. Puede ser que nadie pueda protegerla de ella misma.<br \/>\nAlicia es una mujer excepcional y muy complicada. Coincidimos en esto. Aunque no te gusta, lo s\u00e9. Pero no la conoces. Su vida ha sido muy dura y tr\u00e1gica, y por eso, creo que en su mente hay varios cuartos cerrados a cal y canto. No hay cerraduras y llaves, solamente las paredes como muros. Pero nadie puede olvidar los cuartos vac\u00edos detr\u00e1s del muro, nos duelen, y es un dolor constante, como la tormenta lejana est\u00e1 tronando continuamente sin dejarnos en paz. De vez en cuando la tormenta estalla con toda su fuerza y los rel\u00e1mpagos cortan el cielo de la mente en pedazos. No puedes hacer nada m\u00e1s que intentar sobrevivir. Estoy seguro que las tempestades de Alicia son muy violentas y horribles, es algo tan terrible que ni siquiera podemos imaginar. Es un milagro que a\u00fan est\u00e9 viva.<br \/>\nPiensas que Alicia me ha robado la vida y me he convertido en su t\u00edtere. No es as\u00ed. Antes de conocerla viv\u00eda en sue\u00f1o. Ahora estoy despierto y vivo.<br \/>\nToda mi vida he buscado mi sitio en este universo, pero siempre he acabado por realizar sue\u00f1os de otras personas. Estudiar Derecho no era mi sue\u00f1o, sino lo de mi padre. Prometerme con Julia era el sue\u00f1o de mi madre, y como sabes, termin\u00f3 muy mal. Siempre he pensado que soy un hombre perdido, fuera de todo.<br \/>\nAlicia me ha abierto los ojos. No quiere nada de m\u00ed. Ni siquiera sabe que la amo. Quiz\u00e1 no necesite ayuda. Pero quiero estar cerca de ella, por si las moscas. Alicia ha decidido llevar a cabo su faena de venganza. No va a dejar de hacerlo hasta que la \u00faltima manzana podrida, su ex jefe y mentor, est\u00e9 muerta.<br \/>\nSigo a Alicia a Madrid. Soy su taxista y guardaespaldas. Venga lo que venga, no la abandonar\u00e9. Guardo las llaves de mi piso en este sobre. Puedes hacer con el apartamento y mis pertenencias c\u00f3mo quieras. En el caj\u00f3n de escritorio hay dinero y el poder en blanco.<br \/>\nAhora tengo que irme. Dale un beso a mi ahijado por mi parte. Y t\u00fa, no te preocupes por m\u00ed. Por fin he encontrado mi sitio en este mundo, y soy feliz.<\/p>\n<p>Un abrazo muy fuerte,<br \/>\nErnesto<\/p>\n<p><img decoding=\"async\" src=\"https:\/\/www.hanectica.net\/kasvit\/wp-content\/uploads\/2019\/04\/Barcelona-foto-gris.jpg\" \/><\/p>\n<hr \/>\n<h2>\u00bfQu\u00e9 es Fanfiction?<\/h2>\n<p><em>\u201dUn fanfiction es la ficci\u00f3n sobre la\u00a0ficci\u00f3n.\u201d<br \/>\nLa carta de Ernesto es un cuento de fanfiction. Cuando estaba leyendo el libro El laberinto de los esp\u00edritus, escrito por <a href=\"http:\/\/www.carlosruizzafon.com\/\" target=\"_blank\" rel=\"noopener noreferrer\">Carlos Ruiz Zaf\u00f3n<\/a>, el texto me causaba una gran impresi\u00f3n y quer\u00eda probar escribir un texto similar. Acab\u00e9 por escribir un fanfic sobre Ernesto, un taxista que tiene solamente un papel secundario peque\u00f1o en el libro de Ruiz Zaf\u00f3n. No logr\u00e9 muy bien, pero as\u00ed naci\u00f3 esta cartita de Ernesto a su hermana.<br \/>\nRecomiendo que leas este libro de Ruiz Zaf\u00f3n. Es maravilloso y horrible a la vez. Vas a enamorarte de los personajes fascinantes y te duele mucho cuando tengas que despedirte de ellos. Despu\u00e9s de leerlo no eres la misma persona que antes.<br \/>\n<\/em><\/p>\n<p><em>Wikipedia dice sobre el fan fiction:<\/em><br \/>\n<em>&#8221;El t\u00e9rmino fanfiction o fan fiction (literalmente, \u201cficci\u00f3n de fans\u201d), a menudo abreviado fanfic o simplemente fic, hace referencia a relatos de ficci\u00f3n escritos por fans de una obra literaria o dram\u00e1tica (ya sea pel\u00edcula, novela, programa de televisi\u00f3n, videojuego, anime\u2026). En estos relatos se utilizan los personajes, situaciones y ambientes descritos en la historia original o de creaci\u00f3n propia del autor de fanfic, y se desarrollan nuevos papeles para estos.&#8221;<\/em><\/p>\n","protected":false},"excerpt":{"rendered":"<p>Barcelona, 23 de enero de 1960 Querida hermana: Siento que me te acerque con una carta de papel. Sorprender\u00e1s que no te llame o visite en persona. Te escribo esta carta para que no puedas impedirme de hacer lo que &hellip; <a href=\"https:\/\/www.hanectica.net\/kasvit\/en-espanol\/fanfiction-la-carta-de-ernesto\/\">Lue loppuun <span class=\"meta-nav\">&rarr;<\/span><\/a><\/p>\n","protected":false},"author":1,"featured_media":0,"parent":265,"menu_order":2,"comment_status":"closed","ping_status":"closed","template":"","meta":{"footnotes":""},"class_list":["post-873","page","type-page","status-publish","hentry"],"_links":{"self":[{"href":"https:\/\/www.hanectica.net\/kasvit\/wp-json\/wp\/v2\/pages\/873","targetHints":{"allow":["GET"]}}],"collection":[{"href":"https:\/\/www.hanectica.net\/kasvit\/wp-json\/wp\/v2\/pages"}],"about":[{"href":"https:\/\/www.hanectica.net\/kasvit\/wp-json\/wp\/v2\/types\/page"}],"author":[{"embeddable":true,"href":"https:\/\/www.hanectica.net\/kasvit\/wp-json\/wp\/v2\/users\/1"}],"replies":[{"embeddable":true,"href":"https:\/\/www.hanectica.net\/kasvit\/wp-json\/wp\/v2\/comments?post=873"}],"version-history":[{"count":8,"href":"https:\/\/www.hanectica.net\/kasvit\/wp-json\/wp\/v2\/pages\/873\/revisions"}],"predecessor-version":[{"id":966,"href":"https:\/\/www.hanectica.net\/kasvit\/wp-json\/wp\/v2\/pages\/873\/revisions\/966"}],"up":[{"embeddable":true,"href":"https:\/\/www.hanectica.net\/kasvit\/wp-json\/wp\/v2\/pages\/265"}],"wp:attachment":[{"href":"https:\/\/www.hanectica.net\/kasvit\/wp-json\/wp\/v2\/media?parent=873"}],"curies":[{"name":"wp","href":"https:\/\/api.w.org\/{rel}","templated":true}]}}