{"id":850,"date":"2018-12-30T10:30:45","date_gmt":"2018-12-30T08:30:45","guid":{"rendered":"http:\/\/www.hanectica.net\/kasvit\/?page_id=850"},"modified":"2019-09-09T12:33:38","modified_gmt":"2019-09-09T09:33:38","slug":"sobrevivir-al-invierno-y-ser-feliz","status":"publish","type":"page","link":"https:\/\/www.hanectica.net\/kasvit\/en-espanol\/sobrevivir-al-invierno-y-ser-feliz\/","title":{"rendered":"Sobrevivir al invierno y ser feliz"},"content":{"rendered":"\r\n<p>\u00bfC\u00f3mo los escandinavos sobrevivimos al invierno \u2013el per\u00edodo fr\u00edo y oscuro\u2013 sin volvernos locos o demasiado deprimidos? Pues\u2026 los daneses tienen \u201chygge\u201d, los suecos y noruegos tienen \u201clagom\u201d y los finlandeses tenemos \u201ckalsarik\u00e4nni\u201d que en espa\u00f1ol es la gayumbotaja (traducci\u00f3n: <a href=\"https:\/\/www.goodreads.com\/author\/show\/15727300.Aina_Girbau_Canet\">Aina Girbau Canet<\/a>).<\/p>\r\n\r\n\r\n\r\n<p>\u00bfQu\u00e9 es entonces \u201ckalsarik\u00e4nni\u201d? Hay dos palabras en esta palabra: kalsari(t) significa los gayumbos y k\u00e4nni(t) significa la borrachera. Kalsarik\u00e4nni es en breve: pimplar en gayumbos en casa, normalmente a solas (o con la pareja) y encontrar la felicidad.<\/p>\r\n\r\n\r\n\r\n<p>Pensad en esto: es viernes, ha sido una semana muy dura en trabajo, est\u00e1s cansado, de verdad. \u00bfQu\u00e9 haces? \u00bfVas a comer con los amigos? \u00bfVas al gimnasio? No, no, est\u00e1s hecho polvo, cansado de ruido. Vuelves a casa y quieres olvidar todas las preocupaciones. Te pones c\u00f3modo, te quitas las prendas apretadas e inc\u00f3modas. Aunque fuera de la casa hace fr\u00edo y quiz\u00e1 grados bajo cero, dentro de la casa hay 22 grados agradables. Puedes llevar los gayumbos, los shorts de verano o los pantalones viejos del ch\u00e1ndal. Llevas la ropa m\u00e1s c\u00f3moda que tienes. Est\u00e1s en casa a solas, nadie te ve (excepto quiz\u00e1 tu pareja y tus hijos). El mundo malo est\u00e1 fuera, no existe.<\/p>\r\n\r\n\r\n\r\n<p>Dependiendo de tu gusto tienes la nevera llena de cerveza, tu favorita, o tienes una botella de tinto espa\u00f1ol o chileno o una botella de prosecco italiano. O puede que prefieras el whisky o la vodka. Entonces haces lo que quieras, que te hace feliz. Quiz\u00e1 miras la pel\u00edcula como Notting Hill, Love actually, Holyday o Under the Tuscan sun. O te gusta la ciencia ficci\u00f3n o ver el deporte: golf, billar o f\u00fatbol en Eurosport. Y pimplas. O quieres ver tus series favoritas en Yle Areena, Netflix o RTVE. Si un buen libro te hace feliz, entonces lees y pimplas. O escuchas la m\u00fasica, charlas en Facebook y pimplas. Ahora te sientes m\u00e1s relajado, has olvidado tus problemas y preocupaciones. Y est\u00e1s un poquito enchispado. Te sientes feliz. \ud83d\ude42<\/p>\r\n\r\n\r\n\r\n<p>Si has bebido demasiado, te despiertas en el s\u00f3fa a las cinco de la madrugada, cuando tu vecino vuelve a casa. No te molesta. Te metes en la cama, y como es s\u00e1bado, puedes dormir hasta tan tarde como quieras. Y cuando te despiertes otra vez, est\u00e1s bien relajado, aunque tengas resaca. Has puesto en cero tu cerebro y mente, y ahora est\u00e1s de buen humor y puedes disfrutar del finde.<\/p>\r\n\r\n\r\n\r\n<p>Y lo que es a\u00fan mejor \u2013quiz\u00e1\u2013 es que puedes cojer la gayumbotaja tambi\u00e9n sin alcohol, por ejemplo bebiendo una buena taza de tila y picando algo de tus favoritos (chocolate, queso manchego, palomitas de ma\u00edz).<\/p>\r\n\r\n\r\n\r\n<p>Si dices la palabra \u201ckalsarik\u00e4nni\u201d a alg\u00fan finland\u00e9s, probablemente empieza a sonre\u00edr. Si te dice, que nunca ha cogido la gayumbotaja, no lo creas. Claro que s\u00ed tiene experiencia sobre &#8221;kalsarik\u00e4nni&#8221;. Puede ser que su manera de disfrutar de la gayumbotaja sea un poco diferente. Quiz\u00e1 beba su cerveza en sauna. \ud83d\ude09<\/p>\r\n\r\n\r\n\r\n<p>Seg\u00fan un informe de la ONU, los finlandeses somos un pueblo m\u00e1s feliz del mundo en 2018. Quiz\u00e1 somos tan felices como dice la ONU, porque no necesitamos mucho para ser feliz.<\/p>\r\n<hr \/>\r\n<p>Por cierto: El periodista Miska Rantanen escribi\u00f3 un libro sobre &#8221;kalsarik\u00e4nni&#8221;, y <a href=\"https:\/\/www.documenta-bcn.com\/products\/238567-kalsarikanni.html\" target=\"_blank\" rel=\"noreferrer noopener\" aria-label=\" (avautuu uudessa v\u00e4lilehdess\u00e4)\">este libro fue traducido al espa\u00f1ol<\/a> tambi\u00e9n.<\/p>\r\n\r\n\r\n\r\n<figure class=\"wp-block-image\"><img decoding=\"async\" class=\"wp-image-855\" src=\"https:\/\/www.hanectica.net\/kasvit\/wp-content\/uploads\/2018\/12\/kalsarikannit.jpg\" alt=\"\" \/>\r\n<figcaption>Kalsarik\u00e4nnit con la pel\u00edcula Holyday \ud83d\ude42<\/figcaption>\r\n<\/figure>\r\n\r\n\r\n\r\n<p>&nbsp;<\/p>\r\n","protected":false},"excerpt":{"rendered":"<p>\u00bfC\u00f3mo los escandinavos sobrevivimos al invierno \u2013el per\u00edodo fr\u00edo y oscuro\u2013 sin volvernos locos o demasiado deprimidos? Pues\u2026 los daneses tienen \u201chygge\u201d, los suecos y noruegos tienen \u201clagom\u201d y los finlandeses tenemos \u201ckalsarik\u00e4nni\u201d que en espa\u00f1ol es la gayumbotaja (traducci\u00f3n: &hellip; <a href=\"https:\/\/www.hanectica.net\/kasvit\/en-espanol\/sobrevivir-al-invierno-y-ser-feliz\/\">Lue loppuun <span class=\"meta-nav\">&rarr;<\/span><\/a><\/p>\n","protected":false},"author":1,"featured_media":0,"parent":265,"menu_order":8,"comment_status":"closed","ping_status":"closed","template":"","meta":{"footnotes":""},"class_list":["post-850","page","type-page","status-publish","hentry"],"_links":{"self":[{"href":"https:\/\/www.hanectica.net\/kasvit\/wp-json\/wp\/v2\/pages\/850","targetHints":{"allow":["GET"]}}],"collection":[{"href":"https:\/\/www.hanectica.net\/kasvit\/wp-json\/wp\/v2\/pages"}],"about":[{"href":"https:\/\/www.hanectica.net\/kasvit\/wp-json\/wp\/v2\/types\/page"}],"author":[{"embeddable":true,"href":"https:\/\/www.hanectica.net\/kasvit\/wp-json\/wp\/v2\/users\/1"}],"replies":[{"embeddable":true,"href":"https:\/\/www.hanectica.net\/kasvit\/wp-json\/wp\/v2\/comments?post=850"}],"version-history":[{"count":9,"href":"https:\/\/www.hanectica.net\/kasvit\/wp-json\/wp\/v2\/pages\/850\/revisions"}],"predecessor-version":[{"id":965,"href":"https:\/\/www.hanectica.net\/kasvit\/wp-json\/wp\/v2\/pages\/850\/revisions\/965"}],"up":[{"embeddable":true,"href":"https:\/\/www.hanectica.net\/kasvit\/wp-json\/wp\/v2\/pages\/265"}],"wp:attachment":[{"href":"https:\/\/www.hanectica.net\/kasvit\/wp-json\/wp\/v2\/media?parent=850"}],"curies":[{"name":"wp","href":"https:\/\/api.w.org\/{rel}","templated":true}]}}