{"id":82,"date":"2012-06-26T16:48:18","date_gmt":"2012-06-26T16:48:18","guid":{"rendered":"http:\/\/www.hanectica.net\/kasvit\/?page_id=82"},"modified":"2012-06-29T13:05:03","modified_gmt":"2012-06-29T13:05:03","slug":"laajoki","status":"publish","type":"page","link":"https:\/\/www.hanectica.net\/kasvit\/paikkoja-lahelta\/laajoki\/","title":{"rendered":"Laajoki, Myn\u00e4m\u00e4ki"},"content":{"rendered":"<p>&#8221;Ja keskell\u00e4 virtaa joki.&#8221;<br \/>\nTunnelmallinen <a title=\"Laajoki, Myn\u00e4m\u00e4ki\" href=\"http:\/\/fi.wikipedia.org\/wiki\/Laajoki\" target=\"_blank\">Laajoki<\/a> kuvattuna Myn\u00e4m\u00e4en Korvensuussa.<br \/>\nL\u00e4hell\u00e4 sijaitsee <a title=\"Korvensuun voimalaitos ja konemuseo\" href=\"http:\/\/www.museot.fi\/museohaku\/index.php?museo_id=21544\" target=\"_blank\">Korvensuun voimalaitos ja konemuseo<\/a>.<\/p>\n<div id=\"attachment_83\" style=\"width: 610px\" class=\"wp-caption aligncenter\"><img loading=\"lazy\" decoding=\"async\" aria-describedby=\"caption-attachment-83\" class=\"size-full wp-image-83\" title=\"Laajoki, Myn\u00e4m\u00e4ki\" src=\"https:\/\/www.hanectica.net\/kasvit\/wp-content\/uploads\/2012\/06\/Laajoki.jpg\" alt=\"Laajoki, Myn\u00e4m\u00e4ki\" width=\"600\" height=\"338\" srcset=\"https:\/\/www.hanectica.net\/kasvit\/wp-content\/uploads\/2012\/06\/Laajoki.jpg 600w, https:\/\/www.hanectica.net\/kasvit\/wp-content\/uploads\/2012\/06\/Laajoki-300x169.jpg 300w\" sizes=\"auto, (max-width: 600px) 100vw, 600px\" \/><p id=\"caption-attachment-83\" class=\"wp-caption-text\">Laajoki, Myn\u00e4m\u00e4ki<\/p><\/div>\n","protected":false},"excerpt":{"rendered":"<p>&#8221;Ja keskell\u00e4 virtaa joki.&#8221; Tunnelmallinen Laajoki kuvattuna Myn\u00e4m\u00e4en Korvensuussa. L\u00e4hell\u00e4 sijaitsee Korvensuun voimalaitos ja konemuseo.<\/p>\n","protected":false},"author":1,"featured_media":0,"parent":80,"menu_order":0,"comment_status":"open","ping_status":"open","template":"","meta":{"footnotes":""},"class_list":["post-82","page","type-page","status-publish","hentry"],"_links":{"self":[{"href":"https:\/\/www.hanectica.net\/kasvit\/wp-json\/wp\/v2\/pages\/82","targetHints":{"allow":["GET"]}}],"collection":[{"href":"https:\/\/www.hanectica.net\/kasvit\/wp-json\/wp\/v2\/pages"}],"about":[{"href":"https:\/\/www.hanectica.net\/kasvit\/wp-json\/wp\/v2\/types\/page"}],"author":[{"embeddable":true,"href":"https:\/\/www.hanectica.net\/kasvit\/wp-json\/wp\/v2\/users\/1"}],"replies":[{"embeddable":true,"href":"https:\/\/www.hanectica.net\/kasvit\/wp-json\/wp\/v2\/comments?post=82"}],"version-history":[{"count":4,"href":"https:\/\/www.hanectica.net\/kasvit\/wp-json\/wp\/v2\/pages\/82\/revisions"}],"predecessor-version":[{"id":86,"href":"https:\/\/www.hanectica.net\/kasvit\/wp-json\/wp\/v2\/pages\/82\/revisions\/86"}],"up":[{"embeddable":true,"href":"https:\/\/www.hanectica.net\/kasvit\/wp-json\/wp\/v2\/pages\/80"}],"wp:attachment":[{"href":"https:\/\/www.hanectica.net\/kasvit\/wp-json\/wp\/v2\/media?parent=82"}],"curies":[{"name":"wp","href":"https:\/\/api.w.org\/{rel}","templated":true}]}}