{"id":803,"date":"2018-10-14T14:38:22","date_gmt":"2018-10-14T11:38:22","guid":{"rendered":"http:\/\/www.hanectica.net\/kasvit\/?page_id=803"},"modified":"2019-09-09T12:32:14","modified_gmt":"2019-09-09T09:32:14","slug":"una-escena-de-ficcion","status":"publish","type":"page","link":"https:\/\/www.hanectica.net\/kasvit\/en-espanol\/una-escena-de-ficcion\/","title":{"rendered":"Una escena de ficci\u00f3n"},"content":{"rendered":"<p>En el curso de espa\u00f1ol le\u00edmos el texto <a href=\"https:\/\/www.xlsemanal.com\/firmas\/20130519\/historia-espana-5394.html\" target=\"_blank\" rel=\"noopener noreferrer\">Una historia de Espa\u00f1a (II)<\/a> escrito por <a href=\"http:\/\/www.perezreverte.com\/\" target=\"_blank\" rel=\"noopener noreferrer\">Arturo P\u00e9rez-Reverte<\/a> y para el deber tuvimos que escribir una frase usando alguna palabra coloquial o expresi\u00f3n de P\u00e9rez-Reverte. Los deberes de este tipo se me van de las manos \u2013muchas veces, \ud83d\ude00 y as\u00ed pas\u00f3 tambi\u00e9n con este ejercicio. No escrib\u00ed solamente una frase sino una escena de ficci\u00f3n. Como se puede ver del texto, \u00faltimamente he le\u00eddo novelas policiacas, quiz\u00e1 demasiadas. \ud83d\ude00 El ambiente del texto es un poco oscuro, como en muchas novelas policiacas.<\/p>\n<hr \/>\n<p>Inspector Mart\u00edn ech\u00f3 un vistazo al cielo. No, no, no m\u00e1s pegas, por favor. La bronca con el juez ya hab\u00eda sido desagradable. Y ahora el tiempo se volv\u00eda loco. El viento malhumorado estaba arrojando los copos a diestro y siniestro. Los copos blancos y grandes, como arrugados pedazos de pa\u00f1uelo. Alguien arriba estaba llorando o enfadado. Pronto todo el cementerio estar\u00eda blanqueado.<br \/>\nA dos pasos estaba de pie el chico, delgado y p\u00e1lido. Las manos en los bolsillos de los jeans andrajosos. Seguro que ten\u00eda fr\u00edo en su capuchera, pero debajo del gorro negro, los ojos serios miraban de hito en hito al inspector Mart\u00edn. El pobre pavo ten\u00eda m\u00e1s huevos que su padre que estaba sentando c\u00f3modo en el coche de lujo. En su trabajo de polic\u00eda inspector Mart\u00edn hab\u00eda aprendido a soportar un poco a los asesinados, pero a los chorizos como el padre del chico, no. Los gallitos sobrados de este tipo eran los peores que sab\u00eda. Maldito cobarde. Habr\u00eda querido dar una soba dura a la cara de este puto hombre que no apoyaba a su hijo en esta situaci\u00f3n horrible.<br \/>\n\u2014No necesitas estar aqu\u00ed. Puedes ir all\u00ed donde est\u00e1 tu padre \u2014dijo Mart\u00edn, pero el chico no se movi\u00f3 ni un cent\u00edmetro.<br \/>\nLos copos blancos ca\u00edan inexorables, y el silencio casi le romp\u00eda los o\u00eddos. Parec\u00eda que el resto del mundo hab\u00eda muerto. Mart\u00edn habr\u00eda preferido o\u00edr la bronca de sus colegas o el aullido desgarrador de las sirenas. A\u00fan mejor ser\u00eda que pudiera echarse a la bartola en casa con un buen libro y un whisky doble. Pero esta faena aqu\u00ed la deber\u00edan rematar hoy y lo pronto que posible.<br \/>\nMir\u00f3 a la pe\u00f1a oscura de cuatro hombres y una mujer.<br \/>\n\u2013Marina, \u00bfest\u00e1s lista con tu c\u00e1mara?<br \/>\nLa mujer joven asinti\u00f3 con la cabeza mirando a los ojos de Mart\u00edn y manoseando su dispositivo. Claro que no estaba lista, nadie de ellos estaba. A lo largo de su carrera inspector Mart\u00edn hab\u00eda visto varios muertos y cad\u00e1veres, hab\u00eda seguido un mont\u00f3n de las autopsias, incluso hab\u00eda dado matarile a dos ladrones (dos demasiados, era su opini\u00f3n), pero a las piltrafas del cuerpo nunca iba a acostumbrarse.<br \/>\nMart\u00edn mir\u00f3 al sepulturero, que estaba esperando, y le hizo una se\u00f1a.<br \/>\n\u2014Se\u00f1ores, empecemos.<br \/>\nEl sepulturero se inclin\u00f3 hacia el ata\u00fad y lo abri\u00f3 con su herramienta que parec\u00eda una palanqueta. Inspector Mart\u00edn dio un paso adelante para ver mejor. Hab\u00eda subido la manga izquierda para apretarla contra la nariz y la boca si el olor fuera nauseabundo, pero como oli\u00f3 solamente la tierra y la madera mojada, baj\u00f3 el brazo y se asom\u00f3 al ata\u00fad. Aunque hab\u00eda tenido una sospecha bastante fuerte, el contenido del ata\u00fad le pill\u00f3.<\/p>\n<p>(Continuar\u00e1 en la cabeza del lector&#8230; \ud83d\ude42 )<\/p>\n<p><img decoding=\"async\" class=\"aligncenter\" src=\"https:\/\/www.hanectica.net\/kasvit\/wp-content\/uploads\/2018\/10\/hautausmaa-mv.jpg\" \/><\/p>\n","protected":false},"excerpt":{"rendered":"<p>En el curso de espa\u00f1ol le\u00edmos el texto Una historia de Espa\u00f1a (II) escrito por Arturo P\u00e9rez-Reverte y para el deber tuvimos que escribir una frase usando alguna palabra coloquial o expresi\u00f3n de P\u00e9rez-Reverte. Los deberes de este tipo se &hellip; <a href=\"https:\/\/www.hanectica.net\/kasvit\/en-espanol\/una-escena-de-ficcion\/\">Lue loppuun <span class=\"meta-nav\">&rarr;<\/span><\/a><\/p>\n","protected":false},"author":1,"featured_media":0,"parent":265,"menu_order":5,"comment_status":"closed","ping_status":"closed","template":"","meta":{"footnotes":""},"class_list":["post-803","page","type-page","status-publish","hentry"],"_links":{"self":[{"href":"https:\/\/www.hanectica.net\/kasvit\/wp-json\/wp\/v2\/pages\/803","targetHints":{"allow":["GET"]}}],"collection":[{"href":"https:\/\/www.hanectica.net\/kasvit\/wp-json\/wp\/v2\/pages"}],"about":[{"href":"https:\/\/www.hanectica.net\/kasvit\/wp-json\/wp\/v2\/types\/page"}],"author":[{"embeddable":true,"href":"https:\/\/www.hanectica.net\/kasvit\/wp-json\/wp\/v2\/users\/1"}],"replies":[{"embeddable":true,"href":"https:\/\/www.hanectica.net\/kasvit\/wp-json\/wp\/v2\/comments?post=803"}],"version-history":[{"count":11,"href":"https:\/\/www.hanectica.net\/kasvit\/wp-json\/wp\/v2\/pages\/803\/revisions"}],"predecessor-version":[{"id":964,"href":"https:\/\/www.hanectica.net\/kasvit\/wp-json\/wp\/v2\/pages\/803\/revisions\/964"}],"up":[{"embeddable":true,"href":"https:\/\/www.hanectica.net\/kasvit\/wp-json\/wp\/v2\/pages\/265"}],"wp:attachment":[{"href":"https:\/\/www.hanectica.net\/kasvit\/wp-json\/wp\/v2\/media?parent=803"}],"curies":[{"name":"wp","href":"https:\/\/api.w.org\/{rel}","templated":true}]}}