{"id":587,"date":"2017-10-01T12:14:56","date_gmt":"2017-10-01T09:14:56","guid":{"rendered":"http:\/\/www.hanectica.net\/kasvit\/?page_id=587"},"modified":"2021-01-01T10:30:47","modified_gmt":"2021-01-01T08:30:47","slug":"juego-con-julia-adivina-el-numero","status":"publish","type":"page","link":"https:\/\/www.hanectica.net\/kasvit\/en-espanol\/juego-con-julia-adivina-el-numero\/","title":{"rendered":"Juego con Julia: adivina el n\u00famero"},"content":{"rendered":"<p>Este juego usa HTML5 y JavaScript, o sea se puede jugarlo hoy en d\u00eda tambien en iPad e iPhone, si en tu aparato hay Safari 11 (o m\u00e1s nuevo).<br \/>\nHe hecho el juego con Scratch. El juego no consiste nada peligroso. \ud83d\ude42 Tardar\u00e1s m\u00e1s o menos cinco minutos en jugar este juego, el tiempo depende de tus respuestas.<\/p>\n<p>Haz clic en la bandera verde para comenzar.<\/p>\n<p><iframe loading=\"lazy\" src=\"\/\/scratch.mit.edu\/projects\/embed\/177445857\/?autostart=false\" width=\"485\" height=\"402\" frameborder=\"0\" allowfullscreen=\"allowfullscreen\"><\/iframe><\/p>\n<p>Si quieres jugar otra vez dando\u00a0diferentes respuestas, haz clic en la bandera al lado del punto rojo.<\/p>\n<hr \/>\n<p><em>La \u00faltima actualizaci\u00f3n 1.1.2021:<br \/>\nmodifiqu\u00e9 el texto de este p\u00e1gina. \ud83d\ude42<br \/>\n<\/em><\/p>\n<p>&nbsp;<\/p>\n","protected":false},"excerpt":{"rendered":"<p>Este juego usa HTML5 y JavaScript, o sea se puede jugarlo hoy en d\u00eda tambien en iPad e iPhone, si en tu aparato hay Safari 11 (o m\u00e1s nuevo). He hecho el juego con Scratch. El juego no consiste nada &hellip; <a href=\"https:\/\/www.hanectica.net\/kasvit\/en-espanol\/juego-con-julia-adivina-el-numero\/\">Lue loppuun <span class=\"meta-nav\">&rarr;<\/span><\/a><\/p>\n","protected":false},"author":1,"featured_media":0,"parent":265,"menu_order":10,"comment_status":"closed","ping_status":"closed","template":"","meta":{"footnotes":""},"class_list":["post-587","page","type-page","status-publish","hentry"],"_links":{"self":[{"href":"https:\/\/www.hanectica.net\/kasvit\/wp-json\/wp\/v2\/pages\/587","targetHints":{"allow":["GET"]}}],"collection":[{"href":"https:\/\/www.hanectica.net\/kasvit\/wp-json\/wp\/v2\/pages"}],"about":[{"href":"https:\/\/www.hanectica.net\/kasvit\/wp-json\/wp\/v2\/types\/page"}],"author":[{"embeddable":true,"href":"https:\/\/www.hanectica.net\/kasvit\/wp-json\/wp\/v2\/users\/1"}],"replies":[{"embeddable":true,"href":"https:\/\/www.hanectica.net\/kasvit\/wp-json\/wp\/v2\/comments?post=587"}],"version-history":[{"count":25,"href":"https:\/\/www.hanectica.net\/kasvit\/wp-json\/wp\/v2\/pages\/587\/revisions"}],"predecessor-version":[{"id":1214,"href":"https:\/\/www.hanectica.net\/kasvit\/wp-json\/wp\/v2\/pages\/587\/revisions\/1214"}],"up":[{"embeddable":true,"href":"https:\/\/www.hanectica.net\/kasvit\/wp-json\/wp\/v2\/pages\/265"}],"wp:attachment":[{"href":"https:\/\/www.hanectica.net\/kasvit\/wp-json\/wp\/v2\/media?parent=587"}],"curies":[{"name":"wp","href":"https:\/\/api.w.org\/{rel}","templated":true}]}}