{"id":50,"date":"2011-05-27T09:58:39","date_gmt":"2011-05-27T09:58:39","guid":{"rendered":"http:\/\/www.hanectica.net\/kasvit\/?page_id=50"},"modified":"2024-08-30T10:10:59","modified_gmt":"2024-08-30T07:10:59","slug":"ajankohtaista","status":"publish","type":"page","link":"https:\/\/www.hanectica.net\/kasvit\/ajankohtaista\/","title":{"rendered":"Ajankohtaista"},"content":{"rendered":"<p>30.8.2024 Italiankielinen runo <a href=\"https:\/\/www.hanectica.net\/kasvit\/in-italiano\/ode-al-vento\/\">Ode al vento<\/a>, johon teko\u00e4ly Suno teki musiikin \ud83d\ude00<\/p>\n<p>20.6.2024 <a href=\"https:\/\/www.hanectica.net\/kasvit\/2024\/06\/20\/tekoaly-videontekijana\/\">Teko\u00e4ly videontekij\u00e4n\u00e4<\/a><\/p>\n<p>25.5.2024 <a href=\"https:\/\/www.hanectica.net\/kasvit\/2024\/05\/25\/doorway-effect-event-boundary-kynnysefekti\/\">Doorway effect, event boundary, &#8221;kynnysefekti&#8221;<\/a><\/p>\n<p>4.5.2023 Wombo AI Art -kuvat (teko\u00e4lyn tekemi\u00e4 kuvia): <a href=\"https:\/\/www.hanectica.net\/kasvit\/2023\/05\/04\/wombo-ai-art-kuvat-dystopia-aasialainen-tiimi\/\">dystopia, aasialainen tiimi<\/a><\/p>\n<p>2.5.2023 Wombo AI Art -kuvat (teko\u00e4lyn tekemi\u00e4 kuvia): <a href=\"https:\/\/www.hanectica.net\/kasvit\/2023\/05\/02\/wombo-ai-art-kuvat-matkalla-eva-ja-ainhoa\/\">matkalla Eva ja Ainhoa<\/a><\/p>\n<p>29.4.2023 Wombo AI Art -kuvat (teko\u00e4lyn tekemi\u00e4 kuvia): <a href=\"https:\/\/www.hanectica.net\/kasvit\/2023\/04\/29\/wombo-ai-art-kuvat-flamencotanssijat\/\">flamencotanssijat<\/a><\/p>\n<p>28.4.2023 Wombo AI Art -kuvat (teko\u00e4lyn tekemi\u00e4 kuvia): <a href=\"https:\/\/www.hanectica.net\/kasvit\/2023\/04\/28\/wombo-ai-art-kuvat-vesivarimuotokuvia\/\">vesiv\u00e4rimuotokuvia<\/a><\/p>\n<p>25.4.2023 Wombo AI Art -kuvat (teko\u00e4lyn tekemi\u00e4 kuvia): <a href=\"https:\/\/www.hanectica.net\/kasvit\/2023\/04\/25\/wombo-ai-art-kuvat-tom-ja-juliana\/\">Tom ja Juliana<\/a><\/p>\n<p>25.10.2022 Espanjankielinen satu: <a href=\"https:\/\/www.hanectica.net\/kasvit\/en-espanol\/las-zapatillas-rojas\/\">Las zapatillas rojas<\/a> (kirjoitin uuden version H.C. Andersenin samannimisest\u00e4 sadusta)<\/p>\n<p>20.7.2022 Italiankielinen runo: <a href=\"https:\/\/www.hanectica.net\/kasvit\/in-italiano\/\">Luna<\/a><\/p>\n<p>6.7.2022 Tarinoita: <a href=\"https:\/\/www.hanectica.net\/kasvit\/tarinoita\/valoja-yossa\/\">Valoja y\u00f6ss\u00e4<\/a> (lyhytproosateksti ja aiheeseen liittyv\u00e4 videoklippi)<\/p>\n<p>2.5.2022 Blogip\u00e4ivitys: <a href=\"https:\/\/www.hanectica.net\/kasvit\/2022\/05\/02\/imovie-youtube-ja-bad-request\/\">iMovie, YouTube ja bad request<\/a> (ratkaisu videonsiirto-ongelmaan)<\/p>\n<p>23.1.2022 Korona-ajan kuvia: <a href=\"https:\/\/www.hanectica.net\/kasvit\/kuukauden_kuva\/\">Apea amaryllis<\/a><\/p>\n<p>1.1.2021 Blogip\u00e4ivitys: <a href=\"https:\/\/www.hanectica.net\/kasvit\/2021\/01\/01\/python-jatkokurssi-pygame-pelitehtava\/\">Python-jatkokurssi: Pygame-peliteht\u00e4v\u00e4<\/a> (video ja sloganit)<\/p>\n<p>25.8.2020 Blogip\u00e4ivitys: <a href=\"https:\/\/www.hanectica.net\/kasvit\/2020\/08\/25\/python-listojen-kasittelya-2\/\">Python: listojen k\u00e4sittely\u00e4 2<\/a> (alkion poistaminen listasta)<\/p>\n<p>20.8.2020 Blogip\u00e4ivitys: <a href=\"https:\/\/www.hanectica.net\/kasvit\/2020\/08\/20\/python-listojen-kasittelya-1\/\">Python: listojen k\u00e4sittely\u00e4 1<\/a> (alkion lis\u00e4\u00e4minen Pythonin listaan)<\/p>\n<p>6.8.2020 Blogip\u00e4ivitys: <a href=\"https:\/\/www.hanectica.net\/kasvit\/2020\/08\/06\/python-tulostuksen-muotoilu\/\">Python: tulostuksen muotoilu<\/a><\/p>\n<p>12.5.\u201313.7.2020 Korona-ajan kuvia: <a href=\"https:\/\/www.hanectica.net\/kasvit\/kuukauden_kuva\/\">Kotilo risteyksess\u00e4 ja Intiaanitytt\u00f6 Pihlaja<\/a><\/p>\n<p>29.4.2020 Korona-ajan kuvia: <a href=\"https:\/\/www.hanectica.net\/kasvit\/kuukauden_kuva\/\">Lehtivihre\u00e4<\/a><\/p>\n<p>10.4.2020 Blogip\u00e4ivitys: <a href=\"https:\/\/www.hanectica.net\/kasvit\/2020\/04\/10\/wifi-kotiverkon-mysteeri\/\">Mysteeri wifi-verkossa<\/a><\/p>\n<p>10. ja 19.3.2020 Kuukauden kuvat: ajatuksia koronaviruksen aikaan <a href=\"https:\/\/www.hanectica.net\/kasvit\/kuukauden_kuva\/\">Savuava kivi ja Loppuun rutistettu, kaikkensa antanut<\/a><\/p>\n<p>17.12.2019 Espanjankielinen lyhytnovelli <a href=\"https:\/\/www.hanectica.net\/kasvit\/en-espanol\/el-parque-de-los-sobrevivientes\/\">El parque de los sobrevivientes<\/a><\/p>\n<p>9.9.2019 Espanjankielinen lyhytnovelli <a href=\"https:\/\/www.hanectica.net\/kasvit\/en-espanol\/las-noches-de-terciopelo\/\">Las noches de terciopelo<\/a><\/p>\n<p>1.9.2019 Kolumni <a href=\"https:\/\/www.hanectica.net\/kasvit\/2019\/09\/01\/vaihteeton-vaihdepyora\/\">Vaihteeton vaihdepy\u00f6r\u00e4<\/a><\/p>\n<p>15.4.2019 <a href=\"https:\/\/www.hanectica.net\/kasvit\/en-espanol\/fanfiction-la-carta-de-ernesto\/\">La carta de Ernesto<\/a> \u2013 Fan fiction -teksti Carlos Ruiz Zaf\u00f3nin kirjaan El laberinto de los esp\u00edritus<\/p>\n<p>7.4.2019 <a href=\"https:\/\/www.hanectica.net\/kasvit\/2019\/04\/07\/oikeinkirjoitus-puolueiden-nimet\/\">Oikeinkirjoitus: puolueiden nimet<\/a> \u2013 kirjoitetaanko puolueiden nimet isolla vain pienell\u00e4 alkukirjaimella?<\/p>\n<p>30.12.2018 <a href=\"https:\/\/www.hanectica.net\/kasvit\/en-espanol\/sobrevivir-al-invierno-y-ser-feliz\/\">Sobrevivir al invierno y ser feliz<\/a> \u2013 miten vedet\u00e4\u00e4n kalsarik\u00e4nnit? \ud83d\ude00<\/p>\n<p>21.10.2018 <a href=\"https:\/\/www.hanectica.net\/kasvit\/2018\/10\/21\/ala-hairitse-saadin-ios-12ssa\/\">\u00c4l\u00e4 h\u00e4iritse -s\u00e4\u00e4din iOS 12:ssa<\/a><\/p>\n<p>20.10.2018 <a href=\"https:\/\/www.hanectica.net\/kasvit\/en-espanol\/mi-ciudad\/\">El poema Mi ciudad<\/a>. T\u00e4m\u00e4n espanjankielisen runon kirjoitin pari vuotta sitten, ja sen j\u00e4lkeen se j\u00e4i makaamaan tyhj\u00e4npanttina kovalevyn uumeniin. Kirjoitin sit\u00e4 p\u00e4\u00e4ss\u00e4ni hortoillessani kaupungilla ja tappaessani aikaa. \ud83d\ude42<\/p>\n<p>14.10.2018 Espanjankurssin kotiteht\u00e4v\u00e4, joka l\u00e4hti lapasesta. Piti kirjoittaa yksi lause, ja kirjoitin dekkarimaisen fiktiivisen kohtauksen: <a href=\"https:\/\/www.hanectica.net\/kasvit\/en-espanol\/una-escena-de-ficcion\/\">Una escena de ficci\u00f3n<\/a> \ud83d\ude00<\/p>\n<p>27.7.2018 <a href=\"https:\/\/www.hanectica.net\/kasvit\/2018\/07\/27\/pogo-sticking-efekti\/\">Pogo-sticking-efekti<\/a><\/p>\n<p>5.5.2018 <a href=\"https:\/\/www.hanectica.net\/kasvit\/en-espanol\/la-vida-te-da-sorpresas\/\">La vida te sorpresas<\/a>: pikkuinen teksti, jolla voitin palkinnon Suomen espanjanopettajat ry:n j\u00e4rjest\u00e4m\u00e4ss\u00e4 kirjoituskilpailussa huhtikuussa 2018. Kilpailuteksti on espanjaksi, mutta tekstin per\u00e4ss\u00e4 on karvalakkik\u00e4\u00e4nn\u00f6s suomeksi. \ud83d\ude09<\/p>\n<p>4.2.2018 <a href=\"https:\/\/www.hanectica.net\/kasvit\/2018\/02\/04\/evasteet-nuo-melkein-kalorittomat-piparit\/\">Ev\u00e4steet \u2013 nuo melkein kalorittomat piparit<\/a><\/p>\n<p>28.1.2018 <a href=\"https:\/\/www.hanectica.net\/kasvit\/2018\/01\/28\/vaalipaiva-juhlapaiva\/\">Vaalip\u00e4iv\u00e4. Juhlap\u00e4iv\u00e4.<\/a><\/p>\n<p>3.12.2017 <a href=\"https:\/\/www.hanectica.net\/kasvit\/2017\/12\/03\/enemman-kuin-pyorailykypara-lumoava-lumos\/\">Ensikokemukset Lumos-py\u00f6r\u00e4ilykyp\u00e4r\u00e4st\u00e4<\/a><\/p>\n<p>14.10.2017 <a href=\"https:\/\/www.hanectica.net\/kasvit\/2017\/10\/14\/reaktionopeustesti-satunnaisluvuilla\/\">Hit the ball<\/a> on Scratch-peli, jossa voi testata omaa reaktionopeuttaan. \ud83d\ude42<\/p>\n<p>13.10.2017 <a href=\"https:\/\/www.hanectica.net\/kasvit\/2017\/10\/13\/satunnaisluvuilla-modernia-taidetta-d\/\">Pieni Scratch-animaatio<\/a>, jossa Calvin voi laittaa maalaamaan modernia taidetta ;-D<\/p>\n<p>6.10.2017 Pieni suomenkielinen Scratch-peli: <a href=\"https:\/\/www.hanectica.net\/kasvit\/2017\/10\/06\/tunnetko-suomalaista-kirjallisuutta-peli\/\">Tunnetko suomalaista kirjallisuutta?<\/a><\/p>\n<p>1.10.2017 Pieni espanjankielinen Scratch-peli: <a href=\"https:\/\/www.hanectica.net\/kasvit\/en-espanol\/juego-con-julia-adivina-el-numero\/\">Juego con Julia: adivina el n\u00famero<\/a><\/p>\n<p>19.9.2017 <a href=\"https:\/\/www.hanectica.net\/kasvit\/2017\/09\/19\/scratch-projekti-lepakko-lentaa\/\">Lyhyt Scratch-animaatio<\/a><\/p>\n<p>16.4.2017 Artikkeli <a href=\"https:\/\/www.hanectica.net\/kasvit\/2017\/04\/16\/peuran-poluilla\/\">Peuran poluilla<\/a><\/p>\n<p>19.2.2017 Artikkeli <a href=\"https:\/\/www.hanectica.net\/kasvit\/2017\/02\/19\/tekniikan-ihme-elamme-scifia\/\">Tekniikan ihme \u2013 el\u00e4mme scifi\u00e4<\/a><\/p>\n<p>16.7.2016 Takahuone p\u00e4vitetty mobiiliyst\u00e4v\u00e4lliseen muotoon. Vihdoin ja viimein. \ud83d\ude09<\/p>\n<p>28.3.2016 Kuukauden kuva: <a href=\"https:\/\/www.hanectica.net\/kasvit\/kuukauden_kuva\/\">Maaliskuu \u2013 El\u00e4m\u00e4 viel\u00e4 hiukan sumussa<\/a><\/p>\n<p>21.2.2016 Kuukauden kuva: <a href=\"https:\/\/www.hanectica.net\/kasvit\/kuukauden_kuva\/\">Helmikuu \u2013 Heijastus<\/a><\/p>\n<p>15.1.2016 Kuukauden kuva: <a href=\"https:\/\/www.hanectica.net\/kasvit\/kuukauden_kuva\/aikaisemmat-kuukaudet\/\">Tammikuu \u2013 S\u00e4rkyneet<\/a><\/p>\n<p>9.8.2015 Lis\u00e4tty kaksi pihapiirin kukkaa <a href=\"https:\/\/www.hanectica.net\/kasvit\/esimerkkisivu\/kasveja-pihapiirista\/\">t\u00e4nne<\/a>.<\/p>\n<p>30.7.2015 Luotu uusi kuvasivu <a href=\"https:\/\/www.hanectica.net\/kasvit\/paikkoja-lahelta\/parainen\/\">Parainen<\/a>.<\/p>\n<p>11.7.2015 P\u00e4ivitetty tarina <a href=\"https:\/\/www.hanectica.net\/kasvit\/tarinoita\/hieno-haslinki-koiramainen-tarina\/\">Hieno h\u00e4slinki \u2013 koiramainen tarina<\/a>.<\/p>\n<p>19.4.2015 P\u00e4ivitetty kaksi valokuvaa: <a title=\"Luolavuori, Turku\" href=\"https:\/\/www.hanectica.net\/kasvit\/paikkoja-lahelta\/luolavuori-turku\/\">Luolavuori, Turku<\/a>.<\/p>\n<p>27.4.2014 P\u00e4ivitetty Palabras como gemelas: <a title=\"Palabras como gemelas\" href=\"https:\/\/www.hanectica.net\/kasvit\/en-espanol\/palabras-como-gemelas\/\">La Rutina.<\/a><\/p>\n<p>18.4.2014 P\u00e4ivitetty hassu &#8221;sarjakuva&#8221; espanjan kielell\u00e4: <a title=\"Ola \u2013 Hola\" href=\"https:\/\/www.hanectica.net\/kasvit\/en-espanol\/ola-hola\/\">Ola &#8211; Hola<\/a>.<\/p>\n<p>9.6.2013 P\u00e4ivitetty uusilla kuvilla sivua <a title=\"Oudot kuvat\" href=\"https:\/\/www.hanectica.net\/kasvit\/oudot-kuvat\/\">Oudot kuvat<\/a>.<\/p>\n<p>6.6.2013 P\u00e4ivitetty uusi sivu: <a title=\"Oudot kuvat\" href=\"https:\/\/www.hanectica.net\/kasvit\/oudot-kuvat\/\">Oudot kuvat<\/a>.<\/p>\n<p>21.2.2013 P\u00e4ivitetty uusi sivu: <a title=\"Pitk\u00e4 y\u00f6 Innsmouthissa\" href=\"https:\/\/www.hanectica.net\/kasvit\/sl-sarjakuvia\/pitka-yo-innsmouthissa\/\">Pitk\u00e4 y\u00f6 Innsmouthissa<\/a>.<\/p>\n<p>5.11.2012 P\u00e4ivitetty uusi sivu: <a title=\"SL-henkinen sarjakuva Outo kaupunki\" href=\"https:\/\/www.hanectica.net\/kasvit\/sl-sarjakuvia\/outo-kaupunki\/\">Outo kaupunki<\/a>.<\/p>\n<p>26.6.2012 P\u00e4ivitetty uusi sivu: <a title=\"Laajoki, Myn\u00e4m\u00e4ki\" href=\"https:\/\/www.hanectica.net\/kasvit\/?page_id=82\">Laajoki, Myn\u00e4m\u00e4ki<\/a>.<\/p>\n","protected":false},"excerpt":{"rendered":"<p>30.8.2024 Italiankielinen runo Ode al vento, johon teko\u00e4ly Suno teki musiikin \ud83d\ude00 20.6.2024 Teko\u00e4ly videontekij\u00e4n\u00e4 25.5.2024 Doorway effect, event boundary, &#8221;kynnysefekti&#8221; 4.5.2023 Wombo AI Art -kuvat (teko\u00e4lyn tekemi\u00e4 kuvia): dystopia, aasialainen tiimi 2.5.2023 Wombo AI Art -kuvat (teko\u00e4lyn tekemi\u00e4 kuvia): &hellip; <a href=\"https:\/\/www.hanectica.net\/kasvit\/ajankohtaista\/\">Lue loppuun <span class=\"meta-nav\">&rarr;<\/span><\/a><\/p>\n","protected":false},"author":1,"featured_media":0,"parent":0,"menu_order":0,"comment_status":"open","ping_status":"open","template":"sidebar-page.php","meta":{"footnotes":""},"class_list":["post-50","page","type-page","status-publish","hentry"],"_links":{"self":[{"href":"https:\/\/www.hanectica.net\/kasvit\/wp-json\/wp\/v2\/pages\/50","targetHints":{"allow":["GET"]}}],"collection":[{"href":"https:\/\/www.hanectica.net\/kasvit\/wp-json\/wp\/v2\/pages"}],"about":[{"href":"https:\/\/www.hanectica.net\/kasvit\/wp-json\/wp\/v2\/types\/page"}],"author":[{"embeddable":true,"href":"https:\/\/www.hanectica.net\/kasvit\/wp-json\/wp\/v2\/users\/1"}],"replies":[{"embeddable":true,"href":"https:\/\/www.hanectica.net\/kasvit\/wp-json\/wp\/v2\/comments?post=50"}],"version-history":[{"count":65,"href":"https:\/\/www.hanectica.net\/kasvit\/wp-json\/wp\/v2\/pages\/50\/revisions"}],"predecessor-version":[{"id":1486,"href":"https:\/\/www.hanectica.net\/kasvit\/wp-json\/wp\/v2\/pages\/50\/revisions\/1486"}],"wp:attachment":[{"href":"https:\/\/www.hanectica.net\/kasvit\/wp-json\/wp\/v2\/media?parent=50"}],"curies":[{"name":"wp","href":"https:\/\/api.w.org\/{rel}","templated":true}]}}