{"id":5,"date":"2011-05-18T17:22:58","date_gmt":"2011-05-18T17:22:58","guid":{"rendered":"http:\/\/www.hanectica.net\/kasvit\/?page_id=5"},"modified":"2024-05-25T11:04:56","modified_gmt":"2024-05-25T08:04:56","slug":"home","status":"publish","type":"page","link":"https:\/\/www.hanectica.net\/kasvit\/","title":{"rendered":"Tervetuloa!"},"content":{"rendered":"<p>T\u00e4nne takahuoneeseen kokoan asioita, jotka sattuvat kiinnostamaan minua, kuten ottamiani valokuvia, &#8221;sarjakuvia&#8221;, kuvank\u00e4sittelyohjelmalla koottuja &#8221;yhdistelm\u00e4kuvia&#8221; jne. (Takahuone on luotu WordPress-alustaan.)<\/p>\n<p><span style=\"color: #008000;\"><strong>Korona-ajan kuvia<\/strong>:<\/span> <a href=\"https:\/\/www.hanectica.net\/kasvit\/kuukauden_kuva\/\">Apea amaryllis, Kotilo risteyksess\u00e4, Intiaanitytt\u00f6 Pihlaja, Lehtivihre\u00e4, Savuava kivi ja Loppuun rutistettu, kaikkensa antanut<\/a><\/p>\n<p><strong><a href=\"https:\/\/www.hanectica.net\/kasvit\/blogi\/\">Blogi<\/a><\/strong> on teknispainotteinen. Jotain siell\u00e4 on <a href=\"https:\/\/www.hanectica.net\/kasvit\/category\/python-ohjelmointi\/\">Python-ohjelmoinnistakin<\/a>. \ud83d\ude09 Ja blogista l\u00f6ytyy joitakin <a href=\"https:\/\/www.hanectica.net\/kasvit\/category\/wombo-dream\/\">Wombo Dream<\/a> -teko\u00e4lyll\u00e4 tehtyj\u00e4 kuvia.<\/p>\n<p>Kieli-, kirja- ja kulttuuripainotteista WordPress-blogiani voi k\u00e4yd\u00e4 lukemassa t\u00e4\u00e4ll\u00e4: <strong><a href=\"https:\/\/hanectica.wordpress.com\/\" target=\"_blank\" rel=\"noopener noreferrer\">Sanoja, sanoja<\/a>.<\/strong><\/p>\n<p>Scratch-pelej\u00e4 ja -animaatioita voi tsekkailla <a href=\"https:\/\/www.hanectica.net\/kasvit\/category\/scratch\/\">blogiartikkelien Scratch-kategoriasta<\/a>. Pelien latautuminen voi olla hidasta, mutta kyll\u00e4 ne sielt\u00e4 tulevat.<\/p>\n<p><strong><a href=\"http:\/\/hanectica.net\/almost-there\/\">Almost there -valokuvasivu<\/a><\/strong> kutsuu pohtimaan, mik\u00e4 on kaunista ja mik\u00e4 rumaa, ja miksi. (Sivu on luotu Bootstrap-tekniikalla, joten se toimii my\u00f6s \u00e4lypuhelimen n\u00e4yt\u00f6ll\u00e4.)<\/p>\n<p><a href=\"http:\/\/www.hanectica.net\/Eva-mummo\/\"><strong>Eva-mummon sivulle<\/strong><\/a> on koottu tietoa h\u00e4nest\u00e4 ja h\u00e4nen taiteestaan.<br \/>\n(Sivu on luotu perinteisell\u00e4 html-koodilla, joten ei toimi kovinkaan hyvin \u00e4lypuhelimen n\u00e4yt\u00f6ll\u00e4. Tabletin vaakan\u00e4yt\u00f6ss\u00e4 pit\u00e4isi toimia oikein hyvin.)<\/p>\n<p>Satunnaisesti \u2013 ja hitaasti \u2013 vaihtuvia kuvia voi tsekkailla <a href=\"http:\/\/www.hanectica.fi\/\"><strong>t\u00e4ll\u00e4 sivulla<\/strong><\/a>.<br \/>\n(Sivu on luotu Bootstrap-tekniikalla, joten se toimii my\u00f6s \u00e4lypuhelimen n\u00e4yt\u00f6ll\u00e4.)<\/p>\n<hr \/>\n<p><strong>Tietoyhteiskuntakaaren edellytt\u00e4m\u00e4 selvitys ev\u00e4steiden k\u00e4yt\u00f6st\u00e4:<\/strong><br \/>\nHanectica.net-sivustolla ei ker\u00e4t\u00e4 k\u00e4vij\u00f6ist\u00e4 henkil\u00f6tietoja.<br \/>\nK\u00e4yt\u00f6ss\u00e4 on nelj\u00e4 tilasto-ohjelmaa, joista kaksi on palveluntarjoajan valmiiksi asentamia (Visitors ja Awstats) ja kaksi itse asennettua (WP Statistics ja Google Analytics).<br \/>\nVisitors-tilasto-ohjelma tekee yleist\u00e4 ja yksil\u00f6im\u00e4t\u00f6nt\u00e4 tilastoa viimeisimmist\u00e4 sivustolla k\u00e4vij\u00f6ist\u00e4. Awstats-ohjelma tekee yleist\u00e4 ja yksil\u00f6im\u00e4t\u00f6nt\u00e4 tilastoa k\u00e4vij\u00f6ist\u00e4 (kuten maa, k\u00e4ytt\u00f6j\u00e4rjestelm\u00e4, selain jne.).<br \/>\nWP Statistics WordPress-sivuilla tilastoi yleist\u00e4 ja yksil\u00f6im\u00e4t\u00f6nt\u00e4 tietoa k\u00e4vij\u00f6ist\u00e4 (maa, k\u00e4ytt\u00f6j\u00e4rjestelm\u00e4, selain, hakusana, k\u00e4ytetty hakukone, katsottu sivu jne.).<br \/>\nGoogle Analytics ker\u00e4\u00e4 yleist\u00e4 tilastotietoa k\u00e4vij\u00f6ist\u00e4 ja heid\u00e4n liikkumisestaan t\u00e4\u00e4ll\u00e4. My\u00f6sk\u00e4\u00e4n Google Analytics ei k\u00e4sittele eik\u00e4 tallenna henkil\u00f6tietoja. Google Analytics on yleisesti k\u00e4ytetty tilasto-ohjelma, joka on asennettu useimpien yritysten sivuille. Sen toiminnasta saa lis\u00e4tietoja <a href=\"https:\/\/support.google.com\/analytics\/answer\/6004245\" target=\"_blank\" rel=\"noopener noreferrer\">t\u00e4lt\u00e4 sivulta<\/a>.<\/p>\n<p><a href=\"https:\/\/www.viestintavirasto.fi\/kyberturvallisuus\/tietoturvaohjeet\/palveluidenturvallinenkaytto\/evasteet.html\" target=\"_blank\" rel=\"noopener noreferrer\">Viestint\u00e4viraston tiedote<\/a> siit\u00e4, mit\u00e4 ev\u00e4steet ovat ja miten suomalaisilla sivustoilla tulisi ilmoittaa ev\u00e4steiden k\u00e4ytt\u00e4misest\u00e4. \ud83d\ude42<\/p>\n","protected":false},"excerpt":{"rendered":"<p>T\u00e4nne takahuoneeseen kokoan asioita, jotka sattuvat kiinnostamaan minua, kuten ottamiani valokuvia, &#8221;sarjakuvia&#8221;, kuvank\u00e4sittelyohjelmalla koottuja &#8221;yhdistelm\u00e4kuvia&#8221; jne. (Takahuone on luotu WordPress-alustaan.) Korona-ajan kuvia: Apea amaryllis, Kotilo risteyksess\u00e4, Intiaanitytt\u00f6 Pihlaja, Lehtivihre\u00e4, Savuava kivi ja Loppuun rutistettu, kaikkensa antanut Blogi on teknispainotteinen. Jotain &hellip; <a href=\"https:\/\/www.hanectica.net\/kasvit\/\">Lue loppuun <span class=\"meta-nav\">&rarr;<\/span><\/a><\/p>\n","protected":false},"author":1,"featured_media":0,"parent":0,"menu_order":0,"comment_status":"open","ping_status":"open","template":"sidebar-page.php","meta":{"footnotes":""},"class_list":["post-5","page","type-page","status-publish","hentry"],"_links":{"self":[{"href":"https:\/\/www.hanectica.net\/kasvit\/wp-json\/wp\/v2\/pages\/5","targetHints":{"allow":["GET"]}}],"collection":[{"href":"https:\/\/www.hanectica.net\/kasvit\/wp-json\/wp\/v2\/pages"}],"about":[{"href":"https:\/\/www.hanectica.net\/kasvit\/wp-json\/wp\/v2\/types\/page"}],"author":[{"embeddable":true,"href":"https:\/\/www.hanectica.net\/kasvit\/wp-json\/wp\/v2\/users\/1"}],"replies":[{"embeddable":true,"href":"https:\/\/www.hanectica.net\/kasvit\/wp-json\/wp\/v2\/comments?post=5"}],"version-history":[{"count":53,"href":"https:\/\/www.hanectica.net\/kasvit\/wp-json\/wp\/v2\/pages\/5\/revisions"}],"predecessor-version":[{"id":1440,"href":"https:\/\/www.hanectica.net\/kasvit\/wp-json\/wp\/v2\/pages\/5\/revisions\/1440"}],"wp:attachment":[{"href":"https:\/\/www.hanectica.net\/kasvit\/wp-json\/wp\/v2\/media?parent=5"}],"curies":[{"name":"wp","href":"https:\/\/api.w.org\/{rel}","templated":true}]}}