{"id":482,"date":"2016-01-15T19:23:19","date_gmt":"2016-01-15T17:23:19","guid":{"rendered":"http:\/\/www.hanectica.net\/kasvit\/?page_id=482"},"modified":"2022-02-20T13:12:25","modified_gmt":"2022-02-20T11:12:25","slug":"kuukauden_kuva","status":"publish","type":"page","link":"https:\/\/www.hanectica.net\/kasvit\/kuukauden_kuva\/","title":{"rendered":"Kuukauden kuva"},"content":{"rendered":"<h1><span style=\"color: #008000;\">KORONA-AJAN VALOKUVIA<\/span><\/h1>\n<h1>Apea amaryllis<\/h1>\n<div id=\"attachment_1271\" style=\"width: 610px\" class=\"wp-caption aligncenter\"><img loading=\"lazy\" decoding=\"async\" aria-describedby=\"caption-attachment-1271\" class=\"wp-image-1271 size-full\" src=\"https:\/\/www.hanectica.net\/kasvit\/wp-content\/uploads\/2022\/02\/amaryllis-loppu-2022-HH.jpg\" alt=\"\" width=\"600\" height=\"515\" srcset=\"https:\/\/www.hanectica.net\/kasvit\/wp-content\/uploads\/2022\/02\/amaryllis-loppu-2022-HH.jpg 600w, https:\/\/www.hanectica.net\/kasvit\/wp-content\/uploads\/2022\/02\/amaryllis-loppu-2022-HH-300x258.jpg 300w, https:\/\/www.hanectica.net\/kasvit\/wp-content\/uploads\/2022\/02\/amaryllis-loppu-2022-HH-350x300.jpg 350w\" sizes=\"auto, (max-width: 600px) 100vw, 600px\" \/><p id=\"caption-attachment-1271\" class=\"wp-caption-text\">Amaryllis, joulun kukka, vetelee viimeisi\u00e4\u00e4n.<\/p><\/div>\n<p>T\u00e4t\u00e4 kuvaa voi tulkita monella tavalla koronalinssien l\u00e4pi.<br \/>\nToisaalta se voisi kuvata sit\u00e4 apeaa mielialaa, mit\u00e4 kaksi vuotta kest\u00e4nyt pandemia ihmisiss\u00e4 ja yhteiskunnassa her\u00e4tt\u00e4\u00e4. Monet ovat loppuun asti uupuneet kaikkeen, mik\u00e4 liittyy koronaan, niin rajoituksiin kuin tiedottamiseen. Halutaan, ett\u00e4 vihdoin puhuttaisiin jo jostain muusta. Ja ett\u00e4 voisi el\u00e4\u00e4 normaalia el\u00e4m\u00e4\u00e4.<br \/>\nToisaalta kuvan voi tulkita my\u00f6s pandemian lopun l\u00e4hestymisen\u00e4. Rajoituksia v\u00e4hennet\u00e4\u00e4n (j\u00e4lleen kerran), ihmiset ovat saaneet kolme rokotusta ja aletaan pikkuhiljaa siirty\u00e4 (toivottavasti) normaaliin el\u00e4m\u00e4\u00e4n, vaikkakin maskit naamalla. J\u00e4\u00e4mme odottamaan&#8230;<\/p>\n<p><em>(Kuva on otettu iPhone 12:lla 23.1.2022 ja k\u00e4sitelty hiukan kuvank\u00e4sittelyohjelmalla.)<\/em><\/p>\n<h1>Kotilo risteyksess\u00e4<\/h1>\n<div id=\"attachment_1166\" style=\"width: 530px\" class=\"wp-caption aligncenter\"><img loading=\"lazy\" decoding=\"async\" aria-describedby=\"caption-attachment-1166\" class=\"wp-image-1166 size-full\" title=\"Kotilo risteyksess\u00e4: mink\u00e4 polun valitsisin?\" src=\"https:\/\/www.hanectica.net\/kasvit\/wp-content\/uploads\/2020\/08\/kotilo-risteyksessa-2020-HH.jpg\" alt=\"\" width=\"520\" height=\"520\" srcset=\"https:\/\/www.hanectica.net\/kasvit\/wp-content\/uploads\/2020\/08\/kotilo-risteyksessa-2020-HH.jpg 520w, https:\/\/www.hanectica.net\/kasvit\/wp-content\/uploads\/2020\/08\/kotilo-risteyksessa-2020-HH-300x300.jpg 300w, https:\/\/www.hanectica.net\/kasvit\/wp-content\/uploads\/2020\/08\/kotilo-risteyksessa-2020-HH-150x150.jpg 150w\" sizes=\"auto, (max-width: 520px) 100vw, 520px\" \/><p id=\"caption-attachment-1166\" class=\"wp-caption-text\">Kotilo risteyksess\u00e4: mink\u00e4 polun valitsisin?<\/p><\/div>\n<p>Korona nytk\u00e4ytti jokaisen meid\u00e4n el\u00e4m\u00e4n hieman sivuraiteelle. Tuttu muuttui vieraaksi, ja uudet tavat piti opetella ilman siirtym\u00e4aikaa. Monet odottavat paluuta vanhaan tuttuun, mutta onko se en\u00e4\u00e4 mahdollista? Vai pit\u00e4isik\u00f6 meid\u00e4n mietti\u00e4, miten el\u00e4\u00e4 uudessa normaalissa mahdollisimman hyv\u00e4\u00e4 ja rikasta el\u00e4m\u00e4\u00e4? L\u00f6yt\u00e4\u00e4 uusia polkuja. Sanotaan, ett\u00e4 hengiss\u00e4 ei parhaiten selvi\u00e4 \u00e4lykk\u00e4in, vaan se joka sopeutuu muuttuneeseen tilanteeseen nopeimmin ja tehokkaimmin. Kotilolla kuvassa on viisi n\u00e4kyv\u00e4\u00e4 polkua, joita kulkea, mutta se n\u00e4ytt\u00e4\u00e4 silti t\u00e4hy\u00e4v\u00e4n kuudetta vaihtoehtoa. \ud83d\ude00<\/p>\n<p><em>(Kuva on otettu iPhone 6:lla 13.7.2020 k\u00e4velyreittini varrelta. T\u00e4m\u00e4 rohkea roikkuja \u2013 Korsi-Kalle \u2013\u00a0 olisi kyll\u00e4 ansainnut sen, ett\u00e4 olisin kipaissut kotiin hakemaan kunnon kameran, mutta tuohon aikaan hein\u00e4kuussa olivat Python-opiskelut kuumimmillaan eik\u00e4 zoomailuun ollut silloin aikaa.)<\/em><\/p>\n<h1>Intiaanitytt\u00f6 Pihlaja<\/h1>\n<div id=\"attachment_1079\" style=\"width: 550px\" class=\"wp-caption aligncenter\"><img loading=\"lazy\" decoding=\"async\" aria-describedby=\"caption-attachment-1079\" class=\"wp-image-1079 size-full\" title=\"Pihlajanlehti valossa\" src=\"https:\/\/www.hanectica.net\/kasvit\/wp-content\/uploads\/2020\/05\/Pihlajanlehti-ja-valo-2020-HH.jpg\" alt=\"Pihlajanlehti valossa\" width=\"540\" height=\"555\" srcset=\"https:\/\/www.hanectica.net\/kasvit\/wp-content\/uploads\/2020\/05\/Pihlajanlehti-ja-valo-2020-HH.jpg 540w, https:\/\/www.hanectica.net\/kasvit\/wp-content\/uploads\/2020\/05\/Pihlajanlehti-ja-valo-2020-HH-292x300.jpg 292w\" sizes=\"auto, (max-width: 540px) 100vw, 540px\" \/><p id=\"caption-attachment-1079\" class=\"wp-caption-text\">Pihlajanlehti kuin intiaanin sulkap\u00e4\u00e4hine<\/p><\/div>\n<p>Juuri nyt pihlajanlehdet ovat avautumassa ja siksi eritt\u00e4in kuvauksellisia ja kiehtovia. Niit\u00e4 olenkin kuvannut monena kev\u00e4\u00e4n\u00e4. Pihlajanlehti\u00e4 voisi kuvata juuri nyt loputtomiin, sill\u00e4 jokaisella avautuvalla lehdell\u00e4 tuntuisi olevan oma tarinansa kerrottavana. T\u00e4m\u00e4n kuvan lehti on jo p\u00f6rhe\u00e4n ylpe\u00e4sti ymp\u00e4rist\u00f6\u00f6n kurkottuva sulkap\u00e4\u00e4hine, mutta monen pihlajan lehdet ovat viel\u00e4 supussa kuin vauvan nyrkit. \ud83d\ude00<\/p>\n<p><em>(Kuva on otettu iPhone 6:lla 12.5.2020 suomalaisuuden ja J. V. Snellmanin p\u00e4iv\u00e4n\u00e4. T\u00e4h\u00e4n vasta avautuneeseen lehteen osui aamuauringon valo, ja nappasin siit\u00e4 kuvan Instagramia varten, jonne sen laitoinkin.)<\/em><\/p>\n<h1>Lehtivihre\u00e4<\/h1>\n<div id=\"attachment_1070\" style=\"width: 550px\" class=\"wp-caption aligncenter\"><img loading=\"lazy\" decoding=\"async\" aria-describedby=\"caption-attachment-1070\" class=\"wp-image-1070 size-full\" title=\"El\u00e4m\u00e4n perusasioita: auringonvalo, vesi ja lehtivihre\u00e4\" src=\"https:\/\/www.hanectica.net\/kasvit\/wp-content\/uploads\/2020\/04\/lehtivihrea-vesi-valo-2020-HH.jpg\" alt=\"El\u00e4m\u00e4n perusasioita: auringonvalo, vesi ja lehtivihre\u00e4\" width=\"540\" height=\"720\" srcset=\"https:\/\/www.hanectica.net\/kasvit\/wp-content\/uploads\/2020\/04\/lehtivihrea-vesi-valo-2020-HH.jpg 540w, https:\/\/www.hanectica.net\/kasvit\/wp-content\/uploads\/2020\/04\/lehtivihrea-vesi-valo-2020-HH-225x300.jpg 225w\" sizes=\"auto, (max-width: 540px) 100vw, 540px\" \/><p id=\"caption-attachment-1070\" class=\"wp-caption-text\">El\u00e4m\u00e4n perusasioita: auringonvalo, vesi ja lehtivihre\u00e4<\/p><\/div>\n<p>Koronaepidemia jatkuu, ja moni tuttu asia on toisin tai puuttuu. Toisaalta, el\u00e4m\u00e4lle t\u00e4rke\u00e4t perusasiat ovat edelleen olemassa: auringonvalo (p\u00e4iv\u00e4 p\u00e4iv\u00e4lt\u00e4 l\u00e4mpim\u00e4mpi ja pidempi), vesi ja lehtivihre\u00e4. Kev\u00e4\u00e4n ja alkukes\u00e4n vihre\u00e4 on ihan oma v\u00e4rins\u00e4, h\u00e4mment\u00e4v\u00e4n hele\u00e4.<\/p>\n<p><em>(Kuva on otettu 29.4.2020 iPhone 6:lla. Olen viime aikoina harjoitellut, miten iPhonella voi tarkentaa haluamaansa kohtaan ja yll\u00e4tt\u00e4v\u00e4n hyvin se onnistuu. T\u00e4h\u00e4n kuvaan tuli vahingossa tulppaaninlehden alareunaan koristeellinen varjo; en n\u00e4hnyt sit\u00e4 kuvanottohetkell\u00e4, auringonvalo oli niin voimakas, ett\u00e4 n\u00e4yt\u00f6n sis\u00e4lt\u00f6\u00e4 ei vain n\u00e4hnyt. Jouduin ottamaan kuvan enemm\u00e4n tai v\u00e4hemm\u00e4n sokkona.)<\/em><\/p>\n<h1>Savuava kivi<\/h1>\n<div id=\"attachment_1048\" style=\"width: 610px\" class=\"wp-caption aligncenter\"><img loading=\"lazy\" decoding=\"async\" aria-describedby=\"caption-attachment-1048\" class=\"wp-image-1048 size-full\" title=\"Savuava kivi, maaliskuun taidetta\" src=\"https:\/\/www.hanectica.net\/kasvit\/wp-content\/uploads\/2020\/03\/Savuava-kivi-2020-HH.jpg\" alt=\"Savuava kivi\" width=\"600\" height=\"484\" srcset=\"https:\/\/www.hanectica.net\/kasvit\/wp-content\/uploads\/2020\/03\/Savuava-kivi-2020-HH.jpg 600w, https:\/\/www.hanectica.net\/kasvit\/wp-content\/uploads\/2020\/03\/Savuava-kivi-2020-HH-300x242.jpg 300w, https:\/\/www.hanectica.net\/kasvit\/wp-content\/uploads\/2020\/03\/Savuava-kivi-2020-HH-372x300.jpg 372w\" sizes=\"auto, (max-width: 600px) 100vw, 600px\" \/><p id=\"caption-attachment-1048\" class=\"wp-caption-text\">Savuava kivi<\/p><\/div>\n<p>El\u00e4mme poikkeuksellista aikaa, yhteiskunnassa vallitsee poikkeustila ja monet tutut asiat on \u00e4kki\u00e4 asetettu kyseenalaisiksi. Ihmisi\u00e4 lomautetaan, yrityksi\u00e4 roikkuu konkurssin partaalla ja koronavirus uhkaa ihmisten terveytt\u00e4 eri puolilla maailmaa. T\u00e4t\u00e4 kirjoittaessani yht\u00e4\u00e4n suomalaista ei ole viel\u00e4 kuollut koronan aiheuttamaan tautiin, mutta pelk\u00e4\u00e4n, ett\u00e4 t\u00e4m\u00e4 muuttuu pian. Meist\u00e4 saattaa tuntua, ett\u00e4 yhteiskunta on hajoamassa. Se, mihin olemme luottaneet ja jota minun sukupolveni ja minua nuoremmat olemme tottuneet pit\u00e4m\u00e4\u00e4n vakaana kuin peruskallio, on murenemassa.<br \/>\nPit\u00e4isik\u00f6 meid\u00e4n kuitenkin uskoa, ett\u00e4 tuo hajoaminen ja mureneminen on vain illuusio, samanlainen harhakuva kuin yll\u00e4 olevan kuvan kivi. Vaikka se n\u00e4ytt\u00e4\u00e4 savuavan ja liukenevan, se kuitenkin makaa vankalla pohjalla; kiven kuve on j\u00e4\u00e4ss\u00e4, mutta samalla se hehkuu vahvaa, l\u00e4mmint\u00e4 v\u00e4ri\u00e4 kev\u00e4isess\u00e4 auringonpaisteessa.<\/p>\n<p><em>(Otin kuvan 19.3.2020 aamuk\u00e4velyll\u00e4, tasa-arvon ja Minna Canthin p\u00e4iv\u00e4n\u00e4. Kuva on otettu iPhone 6:llani; paljon en siin\u00e4 auringonpaisteessa n\u00e4hnyt, mit\u00e4 n\u00e4yt\u00f6ll\u00e4 oli. Kuvaa ei ole muuta kuin rajattu, pienennetty ja &#8221;allekirjoitettu&#8221;; muuten se on &#8221;luonnontilassa&#8221;.)<\/em><\/p>\n<h1>Loppuun rutistettu ja kaikkensa antanut<\/h1>\n<div id=\"attachment_1041\" style=\"width: 630px\" class=\"wp-caption aligncenter\"><img loading=\"lazy\" decoding=\"async\" aria-describedby=\"caption-attachment-1041\" class=\"wp-image-1041 size-full\" title=\"Loppuun rutistettu k\u00e4sirasvatuubi\" src=\"https:\/\/www.hanectica.net\/kasvit\/wp-content\/uploads\/2020\/03\/Loppuun-rutistettu-2020-HH.jpg\" alt=\"Loppuun rutistettu ja kaikkensa antanut k\u00e4sirasvatuubi\" width=\"620\" height=\"519\" srcset=\"https:\/\/www.hanectica.net\/kasvit\/wp-content\/uploads\/2020\/03\/Loppuun-rutistettu-2020-HH.jpg 620w, https:\/\/www.hanectica.net\/kasvit\/wp-content\/uploads\/2020\/03\/Loppuun-rutistettu-2020-HH-300x251.jpg 300w, https:\/\/www.hanectica.net\/kasvit\/wp-content\/uploads\/2020\/03\/Loppuun-rutistettu-2020-HH-358x300.jpg 358w\" sizes=\"auto, (max-width: 620px) 100vw, 620px\" \/><p id=\"caption-attachment-1041\" class=\"wp-caption-text\">Loppuun rutistettu ja kaikkensa antanut<\/p><\/div>\n<p>Koronavirus on saanut aikaan sen, ett\u00e4 k\u00e4si\u00e4 t\u00e4ytyy pest\u00e4 entist\u00e4kin huolellisemmin v\u00e4h\u00e4n joka k\u00e4\u00e4nteess\u00e4. Pesuneste kuivattaa ennest\u00e4\u00e4nkin rutisevankuivaa ihoa, ja illat kuluvatkin telkkarin \u00e4\u00e4ress\u00e4 k\u00e4si\u00e4 rasvaillen. Niinp\u00e4 k\u00e4sirasvatuubi joutuukin koville, ja sen t\u00e4ytyy antaa kaikkensa. \ud83d\ude09<\/p>\n<p><em>(Otin kuvan v\u00e4rillisen\u00e4 vanhalla Sony Nex-5R -kamerallani 10.3.2020, ja sen j\u00e4lkeen tein kuvaan erilaisia s\u00e4\u00e4t\u00f6j\u00e4 Photoshopilla. Halusin kuvan pinnan yht\u00e4 kuivan ja rouheisen n\u00e4k\u00f6iseksi kuin kovia kokeneet k\u00e4tenikin ja vanhan lipaston pinnan uurteet my\u00f6s n\u00e4kyviin.)<\/em><\/p>\n","protected":false},"excerpt":{"rendered":"<p>KORONA-AJAN VALOKUVIA Apea amaryllis T\u00e4t\u00e4 kuvaa voi tulkita monella tavalla koronalinssien l\u00e4pi. Toisaalta se voisi kuvata sit\u00e4 apeaa mielialaa, mit\u00e4 kaksi vuotta kest\u00e4nyt pandemia ihmisiss\u00e4 ja yhteiskunnassa her\u00e4tt\u00e4\u00e4. Monet ovat loppuun asti uupuneet kaikkeen, mik\u00e4 liittyy koronaan, niin rajoituksiin kuin &hellip; <a href=\"https:\/\/www.hanectica.net\/kasvit\/kuukauden_kuva\/\">Lue loppuun <span class=\"meta-nav\">&rarr;<\/span><\/a><\/p>\n","protected":false},"author":1,"featured_media":0,"parent":0,"menu_order":4,"comment_status":"closed","ping_status":"closed","template":"","meta":{"footnotes":""},"class_list":["post-482","page","type-page","status-publish","hentry"],"_links":{"self":[{"href":"https:\/\/www.hanectica.net\/kasvit\/wp-json\/wp\/v2\/pages\/482","targetHints":{"allow":["GET"]}}],"collection":[{"href":"https:\/\/www.hanectica.net\/kasvit\/wp-json\/wp\/v2\/pages"}],"about":[{"href":"https:\/\/www.hanectica.net\/kasvit\/wp-json\/wp\/v2\/types\/page"}],"author":[{"embeddable":true,"href":"https:\/\/www.hanectica.net\/kasvit\/wp-json\/wp\/v2\/users\/1"}],"replies":[{"embeddable":true,"href":"https:\/\/www.hanectica.net\/kasvit\/wp-json\/wp\/v2\/comments?post=482"}],"version-history":[{"count":25,"href":"https:\/\/www.hanectica.net\/kasvit\/wp-json\/wp\/v2\/pages\/482\/revisions"}],"predecessor-version":[{"id":1273,"href":"https:\/\/www.hanectica.net\/kasvit\/wp-json\/wp\/v2\/pages\/482\/revisions\/1273"}],"wp:attachment":[{"href":"https:\/\/www.hanectica.net\/kasvit\/wp-json\/wp\/v2\/media?parent=482"}],"curies":[{"name":"wp","href":"https:\/\/api.w.org\/{rel}","templated":true}]}}