{"id":428,"date":"2015-07-30T09:00:47","date_gmt":"2015-07-30T07:00:47","guid":{"rendered":"http:\/\/www.hanectica.net\/kasvit\/?page_id=428"},"modified":"2015-07-30T09:00:47","modified_gmt":"2015-07-30T07:00:47","slug":"parainen","status":"publish","type":"page","link":"https:\/\/www.hanectica.net\/kasvit\/paikkoja-lahelta\/parainen\/","title":{"rendered":"Parainen"},"content":{"rendered":"<p>Hein\u00e4kuinen kes\u00e4retki Paraisille poiki muutaman kuvan.<\/p>\n<div id=\"attachment_429\" style=\"width: 610px\" class=\"wp-caption alignleft\"><img loading=\"lazy\" decoding=\"async\" aria-describedby=\"caption-attachment-429\" class=\"wp-image-429 size-full\" title=\"Keskell\u00e4 Paraisten keskustaa halkoo joki.\" src=\"https:\/\/www.hanectica.net\/kasvit\/wp-content\/uploads\/2015\/07\/Parainen-joki.jpg\" alt=\"\" width=\"600\" height=\"420\" srcset=\"https:\/\/www.hanectica.net\/kasvit\/wp-content\/uploads\/2015\/07\/Parainen-joki.jpg 600w, https:\/\/www.hanectica.net\/kasvit\/wp-content\/uploads\/2015\/07\/Parainen-joki-300x210.jpg 300w\" sizes=\"auto, (max-width: 600px) 100vw, 600px\" \/><p id=\"caption-attachment-429\" class=\"wp-caption-text\">Keskell\u00e4 Paraisten keskustaa halkoo joki.<\/p><\/div>\n<div id=\"attachment_430\" style=\"width: 610px\" class=\"wp-caption alignleft\"><img loading=\"lazy\" decoding=\"async\" aria-describedby=\"caption-attachment-430\" class=\"wp-image-430 size-full\" title=\"Paraisten keskustan puutaloidylli\u00e4\" src=\"https:\/\/www.hanectica.net\/kasvit\/wp-content\/uploads\/2015\/07\/Parainen-puutaloja.jpg\" alt=\"\" width=\"600\" height=\"388\" srcset=\"https:\/\/www.hanectica.net\/kasvit\/wp-content\/uploads\/2015\/07\/Parainen-puutaloja.jpg 600w, https:\/\/www.hanectica.net\/kasvit\/wp-content\/uploads\/2015\/07\/Parainen-puutaloja-300x194.jpg 300w\" sizes=\"auto, (max-width: 600px) 100vw, 600px\" \/><p id=\"caption-attachment-430\" class=\"wp-caption-text\">Paraisten keskustan puutaloidylli\u00e4<\/p><\/div>\n<div id=\"attachment_431\" style=\"width: 610px\" class=\"wp-caption alignleft\"><img loading=\"lazy\" decoding=\"async\" aria-describedby=\"caption-attachment-431\" class=\"wp-image-431 size-full\" title=\"Paraisten kirkkomaa ja kirkko\" src=\"https:\/\/www.hanectica.net\/kasvit\/wp-content\/uploads\/2015\/07\/Paraisten-kirkko.jpg\" alt=\"Paraisten kirkkomaa ja kirkko\" width=\"600\" height=\"399\" srcset=\"https:\/\/www.hanectica.net\/kasvit\/wp-content\/uploads\/2015\/07\/Paraisten-kirkko.jpg 600w, https:\/\/www.hanectica.net\/kasvit\/wp-content\/uploads\/2015\/07\/Paraisten-kirkko-300x200.jpg 300w\" sizes=\"auto, (max-width: 600px) 100vw, 600px\" \/><p id=\"caption-attachment-431\" class=\"wp-caption-text\">Paraisten kirkkomaa ja kirkko<\/p><\/div>\n<div id=\"attachment_432\" style=\"width: 610px\" class=\"wp-caption alignleft\"><img loading=\"lazy\" decoding=\"async\" aria-describedby=\"caption-attachment-432\" class=\"wp-image-432 size-full\" title=\"ArtBankin Salvador Dal\u00ed -kokoelman yksi helmist\u00e4\" src=\"https:\/\/www.hanectica.net\/kasvit\/wp-content\/uploads\/2015\/07\/Dalin-4th-dim-kelloveistos.jpg\" alt=\"ArtBankin Salvador Dal\u00ed -kokoelman yksi helmist\u00e4\" width=\"600\" height=\"538\" srcset=\"https:\/\/www.hanectica.net\/kasvit\/wp-content\/uploads\/2015\/07\/Dalin-4th-dim-kelloveistos.jpg 600w, https:\/\/www.hanectica.net\/kasvit\/wp-content\/uploads\/2015\/07\/Dalin-4th-dim-kelloveistos-300x269.jpg 300w\" sizes=\"auto, (max-width: 600px) 100vw, 600px\" \/><p id=\"caption-attachment-432\" class=\"wp-caption-text\">ArtBankin Salvador Dal\u00ed -kokoelman yksi helmist\u00e4: Time in the 4th dimension (1980)<\/p><\/div>\n<p>Paraisten ihan keskustassa sijaitsee pieni taidegalleria <a href=\"http:\/\/artbank.fi\" target=\"_blank\">ArtBank<\/a>, jonka tiloista l\u00f6ytyy Suomen mitoissa ainutlaatuinen Salvador Dal\u00ed -kokoelma: tuon kuuluisan katalonialaisen taiteilijan maalauksia, veistoksia ja my\u00f6s suunnittelemia huonekaluja. Siell\u00e4 kannattaa piipahtaa.<\/p>\n<p>Kelloveistoksen viereisess\u00e4 infolapussa luki: <em>&#8221;Dalian time is not real, it is one with space or like a fluid. The speed of time depends only on us.&#8221;<\/em><\/p>\n","protected":false},"excerpt":{"rendered":"<p>Hein\u00e4kuinen kes\u00e4retki Paraisille poiki muutaman kuvan. Paraisten ihan keskustassa sijaitsee pieni taidegalleria ArtBank, jonka tiloista l\u00f6ytyy Suomen mitoissa ainutlaatuinen Salvador Dal\u00ed -kokoelma: tuon kuuluisan katalonialaisen taiteilijan maalauksia, veistoksia ja my\u00f6s suunnittelemia huonekaluja. Siell\u00e4 kannattaa piipahtaa. Kelloveistoksen viereisess\u00e4 infolapussa luki: &#8221;Dalian &hellip; <a href=\"https:\/\/www.hanectica.net\/kasvit\/paikkoja-lahelta\/parainen\/\">Lue loppuun <span class=\"meta-nav\">&rarr;<\/span><\/a><\/p>\n","protected":false},"author":1,"featured_media":0,"parent":80,"menu_order":3,"comment_status":"closed","ping_status":"open","template":"","meta":{"footnotes":""},"class_list":["post-428","page","type-page","status-publish","hentry"],"_links":{"self":[{"href":"https:\/\/www.hanectica.net\/kasvit\/wp-json\/wp\/v2\/pages\/428","targetHints":{"allow":["GET"]}}],"collection":[{"href":"https:\/\/www.hanectica.net\/kasvit\/wp-json\/wp\/v2\/pages"}],"about":[{"href":"https:\/\/www.hanectica.net\/kasvit\/wp-json\/wp\/v2\/types\/page"}],"author":[{"embeddable":true,"href":"https:\/\/www.hanectica.net\/kasvit\/wp-json\/wp\/v2\/users\/1"}],"replies":[{"embeddable":true,"href":"https:\/\/www.hanectica.net\/kasvit\/wp-json\/wp\/v2\/comments?post=428"}],"version-history":[{"count":5,"href":"https:\/\/www.hanectica.net\/kasvit\/wp-json\/wp\/v2\/pages\/428\/revisions"}],"predecessor-version":[{"id":437,"href":"https:\/\/www.hanectica.net\/kasvit\/wp-json\/wp\/v2\/pages\/428\/revisions\/437"}],"up":[{"embeddable":true,"href":"https:\/\/www.hanectica.net\/kasvit\/wp-json\/wp\/v2\/pages\/80"}],"wp:attachment":[{"href":"https:\/\/www.hanectica.net\/kasvit\/wp-json\/wp\/v2\/media?parent=428"}],"curies":[{"name":"wp","href":"https:\/\/api.w.org\/{rel}","templated":true}]}}