{"id":351,"date":"2015-04-19T09:12:21","date_gmt":"2015-04-19T07:12:21","guid":{"rendered":"http:\/\/www.hanectica.net\/kasvit\/?page_id=351"},"modified":"2015-04-19T09:17:32","modified_gmt":"2015-04-19T07:17:32","slug":"luolavuori-turku","status":"publish","type":"page","link":"https:\/\/www.hanectica.net\/kasvit\/paikkoja-lahelta\/luolavuori-turku\/","title":{"rendered":"Luolavuori, Turku"},"content":{"rendered":"<p>Vanhan kaatiksen reunalla on pieni sammakkolampi. Siell\u00e4 on n\u00e4m\u00e4 kuvat otettu. \ud83d\ude42<br \/>\nHuhtikuun viile\u00e4hk\u00f6ss\u00e4 viimassa.<\/p>\n<div id=\"attachment_352\" style=\"width: 1010px\" class=\"wp-caption aligncenter\"><a href=\"https:\/\/www.hanectica.net\/kasvit\/wp-content\/uploads\/2015\/04\/Sammakko-2015.jpg\"><img loading=\"lazy\" decoding=\"async\" aria-describedby=\"caption-attachment-352\" class=\"wp-image-352 size-full\" title=\"Rohkea sammakko ei kuvia kumartele eik\u00e4 valokuvaajaa pelk\u00e4\u00e4, vaikka sen kaverit sukelsivat piiloon.\" src=\"https:\/\/www.hanectica.net\/kasvit\/wp-content\/uploads\/2015\/04\/Sammakko-2015.jpg\" alt=\"Sammakko-2015\" width=\"1000\" height=\"664\" srcset=\"https:\/\/www.hanectica.net\/kasvit\/wp-content\/uploads\/2015\/04\/Sammakko-2015.jpg 1000w, https:\/\/www.hanectica.net\/kasvit\/wp-content\/uploads\/2015\/04\/Sammakko-2015-300x199.jpg 300w\" sizes=\"auto, (max-width: 1000px) 100vw, 1000px\" \/><\/a><p id=\"caption-attachment-352\" class=\"wp-caption-text\">Rohkea sammakko ei kuvia kumartele eik\u00e4 valokuvaajaa pelk\u00e4\u00e4.<\/p><\/div>\n<div id=\"attachment_353\" style=\"width: 1010px\" class=\"wp-caption aligncenter\"><a href=\"https:\/\/www.hanectica.net\/kasvit\/wp-content\/uploads\/2015\/04\/Pajunkissa-2015.jpg\"><img loading=\"lazy\" decoding=\"async\" aria-describedby=\"caption-attachment-353\" class=\"wp-image-353 size-full\" title=\"Unisia pajunkissoja huhtikuun kev\u00e4tviimassa v\u00e4rj\u00f6ttelem\u00e4ss\u00e4.\" src=\"https:\/\/www.hanectica.net\/kasvit\/wp-content\/uploads\/2015\/04\/Pajunkissa-2015.jpg\" alt=\"Pajunkissa-2015\" width=\"1000\" height=\"664\" srcset=\"https:\/\/www.hanectica.net\/kasvit\/wp-content\/uploads\/2015\/04\/Pajunkissa-2015.jpg 1000w, https:\/\/www.hanectica.net\/kasvit\/wp-content\/uploads\/2015\/04\/Pajunkissa-2015-300x199.jpg 300w\" sizes=\"auto, (max-width: 1000px) 100vw, 1000px\" \/><\/a><p id=\"caption-attachment-353\" class=\"wp-caption-text\">Kylm\u00e4ss\u00e4 kev\u00e4tviimassa v\u00e4rj\u00f6ttelevi\u00e4, viel\u00e4 unisia pajunkissoja.<\/p><\/div>\n<p>&nbsp;<\/p>\n","protected":false},"excerpt":{"rendered":"<p>Vanhan kaatiksen reunalla on pieni sammakkolampi. Siell\u00e4 on n\u00e4m\u00e4 kuvat otettu. \ud83d\ude42 Huhtikuun viile\u00e4hk\u00f6ss\u00e4 viimassa. &nbsp;<\/p>\n","protected":false},"author":1,"featured_media":0,"parent":80,"menu_order":0,"comment_status":"closed","ping_status":"open","template":"","meta":{"footnotes":""},"class_list":["post-351","page","type-page","status-publish","hentry"],"_links":{"self":[{"href":"https:\/\/www.hanectica.net\/kasvit\/wp-json\/wp\/v2\/pages\/351","targetHints":{"allow":["GET"]}}],"collection":[{"href":"https:\/\/www.hanectica.net\/kasvit\/wp-json\/wp\/v2\/pages"}],"about":[{"href":"https:\/\/www.hanectica.net\/kasvit\/wp-json\/wp\/v2\/types\/page"}],"author":[{"embeddable":true,"href":"https:\/\/www.hanectica.net\/kasvit\/wp-json\/wp\/v2\/users\/1"}],"replies":[{"embeddable":true,"href":"https:\/\/www.hanectica.net\/kasvit\/wp-json\/wp\/v2\/comments?post=351"}],"version-history":[{"count":7,"href":"https:\/\/www.hanectica.net\/kasvit\/wp-json\/wp\/v2\/pages\/351\/revisions"}],"predecessor-version":[{"id":361,"href":"https:\/\/www.hanectica.net\/kasvit\/wp-json\/wp\/v2\/pages\/351\/revisions\/361"}],"up":[{"embeddable":true,"href":"https:\/\/www.hanectica.net\/kasvit\/wp-json\/wp\/v2\/pages\/80"}],"wp:attachment":[{"href":"https:\/\/www.hanectica.net\/kasvit\/wp-json\/wp\/v2\/media?parent=351"}],"curies":[{"name":"wp","href":"https:\/\/api.w.org\/{rel}","templated":true}]}}