{"id":288,"date":"2014-04-27T10:34:06","date_gmt":"2014-04-27T10:34:06","guid":{"rendered":"http:\/\/www.hanectica.net\/kasvit\/?page_id=288"},"modified":"2019-09-09T12:30:40","modified_gmt":"2019-09-09T09:30:40","slug":"palabras-como-gemelas","status":"publish","type":"page","link":"https:\/\/www.hanectica.net\/kasvit\/en-espanol\/palabras-como-gemelas\/","title":{"rendered":"Palabras como gemelas"},"content":{"rendered":"<p>En la lengua finlandesa y la lengua espa\u00f1ola hay algunas mismas palabras que sin embargo significan cosas diferentes. En estos &#8221;c\u00f3mics&#8221; los dos significados est\u00e1n conectados. \ud83d\ude42<\/p>\n<p><img loading=\"lazy\" decoding=\"async\" class=\"aligncenter wp-image-289 size-full\" title=\"La Rutina\" src=\"https:\/\/www.hanectica.net\/kasvit\/wp-content\/uploads\/2014\/04\/La-Rutina.jpg\" alt=\"La Rutina\" width=\"650\" height=\"650\" srcset=\"https:\/\/www.hanectica.net\/kasvit\/wp-content\/uploads\/2014\/04\/La-Rutina.jpg 650w, https:\/\/www.hanectica.net\/kasvit\/wp-content\/uploads\/2014\/04\/La-Rutina-150x150.jpg 150w, https:\/\/www.hanectica.net\/kasvit\/wp-content\/uploads\/2014\/04\/La-Rutina-300x300.jpg 300w\" sizes=\"auto, (max-width: 650px) 100vw, 650px\" \/><\/p>\n","protected":false},"excerpt":{"rendered":"<p>En la lengua finlandesa y la lengua espa\u00f1ola hay algunas mismas palabras que sin embargo significan cosas diferentes. En estos &#8221;c\u00f3mics&#8221; los dos significados est\u00e1n conectados. \ud83d\ude42<\/p>\n","protected":false},"author":1,"featured_media":0,"parent":265,"menu_order":9,"comment_status":"closed","ping_status":"open","template":"","meta":{"footnotes":""},"class_list":["post-288","page","type-page","status-publish","hentry"],"_links":{"self":[{"href":"https:\/\/www.hanectica.net\/kasvit\/wp-json\/wp\/v2\/pages\/288","targetHints":{"allow":["GET"]}}],"collection":[{"href":"https:\/\/www.hanectica.net\/kasvit\/wp-json\/wp\/v2\/pages"}],"about":[{"href":"https:\/\/www.hanectica.net\/kasvit\/wp-json\/wp\/v2\/types\/page"}],"author":[{"embeddable":true,"href":"https:\/\/www.hanectica.net\/kasvit\/wp-json\/wp\/v2\/users\/1"}],"replies":[{"embeddable":true,"href":"https:\/\/www.hanectica.net\/kasvit\/wp-json\/wp\/v2\/comments?post=288"}],"version-history":[{"count":4,"href":"https:\/\/www.hanectica.net\/kasvit\/wp-json\/wp\/v2\/pages\/288\/revisions"}],"predecessor-version":[{"id":294,"href":"https:\/\/www.hanectica.net\/kasvit\/wp-json\/wp\/v2\/pages\/288\/revisions\/294"}],"up":[{"embeddable":true,"href":"https:\/\/www.hanectica.net\/kasvit\/wp-json\/wp\/v2\/pages\/265"}],"wp:attachment":[{"href":"https:\/\/www.hanectica.net\/kasvit\/wp-json\/wp\/v2\/media?parent=288"}],"curies":[{"name":"wp","href":"https:\/\/api.w.org\/{rel}","templated":true}]}}