{"id":240,"date":"2013-06-06T13:54:04","date_gmt":"2013-06-06T13:54:04","guid":{"rendered":"http:\/\/www.hanectica.net\/kasvit\/?page_id=240"},"modified":"2013-06-09T09:52:05","modified_gmt":"2013-06-09T09:52:05","slug":"oudot-kuvat","status":"publish","type":"page","link":"https:\/\/www.hanectica.net\/kasvit\/oudot-kuvat\/","title":{"rendered":"Oudot kuvat"},"content":{"rendered":"<p>Todellisuus ei v\u00e4ltt\u00e4m\u00e4tt\u00e4 ole t\u00e4sm\u00e4lleen se, mit\u00e4 luulemme sen olevan. Todellisuudessa on kerrostumia ja toisia n\u00e4k\u00f6kulmia. T\u00e4ytyy vain avata silm\u00e4t ja uskaltaa katsoa ilman ett\u00e4 sovinnaiset s\u00e4\u00e4nn\u00f6t rajaavat n\u00e4kemist\u00e4 ahtaisiin rajoihin. Vai mit\u00e4?<\/p>\n<p><div id=\"attachment_255\" style=\"width: 630px\" class=\"wp-caption aligncenter\"><img loading=\"lazy\" decoding=\"async\" aria-describedby=\"caption-attachment-255\" class=\"size-full wp-image-255\" title=\"Mereneito Aurajoessa\" alt=\"Mereneito Aurajoessa\" src=\"https:\/\/www.hanectica.net\/kasvit\/wp-content\/uploads\/2013\/06\/merenneito-joessa-620px.jpg\" width=\"620\" height=\"465\" srcset=\"https:\/\/www.hanectica.net\/kasvit\/wp-content\/uploads\/2013\/06\/merenneito-joessa-620px.jpg 620w, https:\/\/www.hanectica.net\/kasvit\/wp-content\/uploads\/2013\/06\/merenneito-joessa-620px-300x225.jpg 300w\" sizes=\"auto, (max-width: 620px) 100vw, 620px\" \/><p id=\"caption-attachment-255\" class=\"wp-caption-text\">Minne pilvet&#8230; sinne&#8230;<\/p><\/div><br \/>\n<br \/>\n<div id=\"attachment_251\" style=\"width: 630px\" class=\"wp-caption aligncenter\"><img loading=\"lazy\" decoding=\"async\" aria-describedby=\"caption-attachment-251\" class=\"size-full wp-image-251\" title=\"Soittajat\" alt=\"Soittajat\" src=\"https:\/\/www.hanectica.net\/kasvit\/wp-content\/uploads\/2013\/06\/kitara-meri-620px.jpg\" width=\"620\" height=\"474\" srcset=\"https:\/\/www.hanectica.net\/kasvit\/wp-content\/uploads\/2013\/06\/kitara-meri-620px.jpg 620w, https:\/\/www.hanectica.net\/kasvit\/wp-content\/uploads\/2013\/06\/kitara-meri-620px-300x229.jpg 300w\" sizes=\"auto, (max-width: 620px) 100vw, 620px\" \/><p id=\"caption-attachment-251\" class=\"wp-caption-text\">Kenen vuoro soittaa seuraavaksi? \u00a1Ahora me toca a m\u00ed!<\/p><\/div><br \/>\n<br \/>\n<div id=\"attachment_243\" style=\"width: 630px\" class=\"wp-caption aligncenter\"><img loading=\"lazy\" decoding=\"async\" aria-describedby=\"caption-attachment-243\" class=\"size-full wp-image-243\" title=\"Piano-hella rinnakkaistodellisuudessani\" alt=\"Piano-hella rinnakkaistodellisuudessani\" src=\"https:\/\/www.hanectica.net\/kasvit\/wp-content\/uploads\/2013\/06\/hella-piano-630px.jpg\" width=\"620\" height=\"486\" srcset=\"https:\/\/www.hanectica.net\/kasvit\/wp-content\/uploads\/2013\/06\/hella-piano-630px.jpg 620w, https:\/\/www.hanectica.net\/kasvit\/wp-content\/uploads\/2013\/06\/hella-piano-630px-300x235.jpg 300w\" sizes=\"auto, (max-width: 620px) 100vw, 620px\" \/><p id=\"caption-attachment-243\" class=\"wp-caption-text\">Keitet\u00e4\u00e4nk\u00f6 perunat C-duurilla?<\/p><\/div><\/p>\n","protected":false},"excerpt":{"rendered":"<p>Todellisuus ei v\u00e4ltt\u00e4m\u00e4tt\u00e4 ole t\u00e4sm\u00e4lleen se, mit\u00e4 luulemme sen olevan. Todellisuudessa on kerrostumia ja toisia n\u00e4k\u00f6kulmia. T\u00e4ytyy vain avata silm\u00e4t ja uskaltaa katsoa ilman ett\u00e4 sovinnaiset s\u00e4\u00e4nn\u00f6t rajaavat n\u00e4kemist\u00e4 ahtaisiin rajoihin. Vai mit\u00e4?<\/p>\n","protected":false},"author":1,"featured_media":0,"parent":0,"menu_order":3,"comment_status":"open","ping_status":"open","template":"","meta":{"footnotes":""},"class_list":["post-240","page","type-page","status-publish","hentry"],"_links":{"self":[{"href":"https:\/\/www.hanectica.net\/kasvit\/wp-json\/wp\/v2\/pages\/240","targetHints":{"allow":["GET"]}}],"collection":[{"href":"https:\/\/www.hanectica.net\/kasvit\/wp-json\/wp\/v2\/pages"}],"about":[{"href":"https:\/\/www.hanectica.net\/kasvit\/wp-json\/wp\/v2\/types\/page"}],"author":[{"embeddable":true,"href":"https:\/\/www.hanectica.net\/kasvit\/wp-json\/wp\/v2\/users\/1"}],"replies":[{"embeddable":true,"href":"https:\/\/www.hanectica.net\/kasvit\/wp-json\/wp\/v2\/comments?post=240"}],"version-history":[{"count":10,"href":"https:\/\/www.hanectica.net\/kasvit\/wp-json\/wp\/v2\/pages\/240\/revisions"}],"predecessor-version":[{"id":249,"href":"https:\/\/www.hanectica.net\/kasvit\/wp-json\/wp\/v2\/pages\/240\/revisions\/249"}],"wp:attachment":[{"href":"https:\/\/www.hanectica.net\/kasvit\/wp-json\/wp\/v2\/media?parent=240"}],"curies":[{"name":"wp","href":"https:\/\/api.w.org\/{rel}","templated":true}]}}