{"id":2,"date":"2011-05-13T07:34:21","date_gmt":"2011-05-13T07:34:21","guid":{"rendered":"http:\/\/www.hanectica.net\/kasvit\/?page_id=2"},"modified":"2011-05-19T15:10:59","modified_gmt":"2011-05-19T15:10:59","slug":"esimerkkisivu","status":"publish","type":"page","link":"https:\/\/www.hanectica.net\/kasvit\/esimerkkisivu\/","title":{"rendered":"Kasveja"},"content":{"rendered":"<p>Kasveja pihapiirist\u00e4 ja v\u00e4h\u00e4n kauempaakin. Oma \u2013 ja v\u00e4h\u00e4n muidenkin \u2013 muistipankki. Mik\u00e4 se taas olikaan t\u00e4m\u00e4n sein\u00e4n vieress\u00e4 toukokuussa kukkivan perennan nimi&#8230; t\u00e4m\u00e4n, jolla on n\u00e4m\u00e4 keltaiset pillikekukat&#8230; muistaako kukaan?<\/p>\n<p>Ja sitten ne kaikkien tuntemat silm\u00e4nilot \u2013 niit\u00e4kin l\u00f6ytyy. \ud83d\ude42<\/p>\n","protected":false},"excerpt":{"rendered":"<p>Kasveja pihapiirist\u00e4 ja v\u00e4h\u00e4n kauempaakin. Oma \u2013 ja v\u00e4h\u00e4n muidenkin \u2013 muistipankki. Mik\u00e4 se taas olikaan t\u00e4m\u00e4n sein\u00e4n vieress\u00e4 toukokuussa kukkivan perennan nimi&#8230; t\u00e4m\u00e4n, jolla on n\u00e4m\u00e4 keltaiset pillikekukat&#8230; muistaako kukaan? Ja sitten ne kaikkien tuntemat silm\u00e4nilot \u2013 niit\u00e4kin l\u00f6ytyy. &hellip; <a href=\"https:\/\/www.hanectica.net\/kasvit\/esimerkkisivu\/\">Lue loppuun <span class=\"meta-nav\">&rarr;<\/span><\/a><\/p>\n","protected":false},"author":1,"featured_media":0,"parent":0,"menu_order":0,"comment_status":"open","ping_status":"open","template":"","meta":{"footnotes":""},"class_list":["post-2","page","type-page","status-publish","hentry"],"_links":{"self":[{"href":"https:\/\/www.hanectica.net\/kasvit\/wp-json\/wp\/v2\/pages\/2","targetHints":{"allow":["GET"]}}],"collection":[{"href":"https:\/\/www.hanectica.net\/kasvit\/wp-json\/wp\/v2\/pages"}],"about":[{"href":"https:\/\/www.hanectica.net\/kasvit\/wp-json\/wp\/v2\/types\/page"}],"author":[{"embeddable":true,"href":"https:\/\/www.hanectica.net\/kasvit\/wp-json\/wp\/v2\/users\/1"}],"replies":[{"embeddable":true,"href":"https:\/\/www.hanectica.net\/kasvit\/wp-json\/wp\/v2\/comments?post=2"}],"version-history":[{"count":3,"href":"https:\/\/www.hanectica.net\/kasvit\/wp-json\/wp\/v2\/pages\/2\/revisions"}],"predecessor-version":[{"id":33,"href":"https:\/\/www.hanectica.net\/kasvit\/wp-json\/wp\/v2\/pages\/2\/revisions\/33"}],"wp:attachment":[{"href":"https:\/\/www.hanectica.net\/kasvit\/wp-json\/wp\/v2\/media?parent=2"}],"curies":[{"name":"wp","href":"https:\/\/api.w.org\/{rel}","templated":true}]}}