{"id":171,"date":"2013-02-21T16:03:49","date_gmt":"2013-02-21T16:03:49","guid":{"rendered":"http:\/\/www.hanectica.net\/kasvit\/?page_id=171"},"modified":"2013-02-21T16:03:49","modified_gmt":"2013-02-21T16:03:49","slug":"pitka-yo-innsmouthissa","status":"publish","type":"page","link":"https:\/\/www.hanectica.net\/kasvit\/sl-sarjakuvia\/pitka-yo-innsmouthissa\/","title":{"rendered":"Pitk\u00e4 y\u00f6 Innsmouthissa"},"content":{"rendered":"<style type=\"text\/css\"><!--\n@page { margin: 2cm } \t\tP { margin-bottom: 0.21cm }\n--><\/style>\n<p>Toinen Second Lifess\u00e4 kuvaamani fantasiaan kallellaan oleva &#8221;sarjakuva&#8221; n\u00e4ki p\u00e4iv\u00e4nvalon 21.2.2013.<\/p>\n<style type=\"text\/css\"><!--\n@page { margin: 2cm } \t\tP { margin-bottom: 0.21cm } -\n--><\/style>\n<p>Katso ensin <a title=\"SL-henkinen sarjakuva Outo kaupunki\" href=\"https:\/\/www.hanectica.net\/kasvit\/sl-sarjakuvia\/outo-kaupunki\/\">Outo kaupunki -sarjis<\/a>, jos et ole viel\u00e4 n\u00e4hnyt sit\u00e4.<\/p>\n<p>Pitk\u00e4 y\u00f6 Innsmouthissa on pikemminkin tunnelmointia kuin varsinaisesti mik\u00e4\u00e4n juonellinen sarjakuva. Sit\u00e4 kannattaa kuitenkin lukea hitaasti, niin ett\u00e4 rullaa sivua n\u00e4kyviin kuva kuvalta. \ud83d\ude09<\/p>\n<p><a href=\"https:\/\/www.hanectica.net\/kasvit\/wp-content\/uploads\/2013\/02\/Ilta-Innsmouthissa-alku.jpg\"><img loading=\"lazy\" decoding=\"async\" class=\"aligncenter size-full wp-image-172\" alt=\"Ilta-Innsmouthissa-alku\" src=\"https:\/\/www.hanectica.net\/kasvit\/wp-content\/uploads\/2013\/02\/Ilta-Innsmouthissa-alku.jpg\" width=\"650\" height=\"395\" srcset=\"https:\/\/www.hanectica.net\/kasvit\/wp-content\/uploads\/2013\/02\/Ilta-Innsmouthissa-alku.jpg 650w, https:\/\/www.hanectica.net\/kasvit\/wp-content\/uploads\/2013\/02\/Ilta-Innsmouthissa-alku-300x182.jpg 300w\" sizes=\"auto, (max-width: 650px) 100vw, 650px\" \/><\/a><\/p>\n<p>&nbsp;<\/p>\n<p><a href=\"https:\/\/www.hanectica.net\/kasvit\/wp-content\/uploads\/2013\/02\/Ilta-Innsmouthissa-1.jpg\"><img loading=\"lazy\" decoding=\"async\" class=\"aligncenter size-full wp-image-173\" alt=\"Ilta-Innsmouthissa-1\" src=\"https:\/\/www.hanectica.net\/kasvit\/wp-content\/uploads\/2013\/02\/Ilta-Innsmouthissa-1.jpg\" width=\"650\" height=\"395\" srcset=\"https:\/\/www.hanectica.net\/kasvit\/wp-content\/uploads\/2013\/02\/Ilta-Innsmouthissa-1.jpg 650w, https:\/\/www.hanectica.net\/kasvit\/wp-content\/uploads\/2013\/02\/Ilta-Innsmouthissa-1-300x182.jpg 300w\" sizes=\"auto, (max-width: 650px) 100vw, 650px\" \/><\/a><\/p>\n<p>&nbsp;<\/p>\n<p><a href=\"https:\/\/www.hanectica.net\/kasvit\/wp-content\/uploads\/2013\/02\/Ilta-Innsmouthissa-2.jpg\"><img loading=\"lazy\" decoding=\"async\" class=\"aligncenter size-full wp-image-174\" alt=\"Ilta-Innsmouthissa-2\" src=\"https:\/\/www.hanectica.net\/kasvit\/wp-content\/uploads\/2013\/02\/Ilta-Innsmouthissa-2.jpg\" width=\"650\" height=\"395\" srcset=\"https:\/\/www.hanectica.net\/kasvit\/wp-content\/uploads\/2013\/02\/Ilta-Innsmouthissa-2.jpg 650w, https:\/\/www.hanectica.net\/kasvit\/wp-content\/uploads\/2013\/02\/Ilta-Innsmouthissa-2-300x182.jpg 300w\" sizes=\"auto, (max-width: 650px) 100vw, 650px\" \/><\/a><\/p>\n<p>&nbsp;<\/p>\n<p><a href=\"https:\/\/www.hanectica.net\/kasvit\/wp-content\/uploads\/2013\/02\/Ilta-Innsmouthissa-3.jpg\"><img loading=\"lazy\" decoding=\"async\" class=\"aligncenter size-full wp-image-175\" alt=\"Ilta-Innsmouthissa-3\" src=\"https:\/\/www.hanectica.net\/kasvit\/wp-content\/uploads\/2013\/02\/Ilta-Innsmouthissa-3.jpg\" width=\"650\" height=\"395\" srcset=\"https:\/\/www.hanectica.net\/kasvit\/wp-content\/uploads\/2013\/02\/Ilta-Innsmouthissa-3.jpg 650w, https:\/\/www.hanectica.net\/kasvit\/wp-content\/uploads\/2013\/02\/Ilta-Innsmouthissa-3-300x182.jpg 300w\" sizes=\"auto, (max-width: 650px) 100vw, 650px\" \/><\/a><\/p>\n<p>&nbsp;<\/p>\n<p><a href=\"https:\/\/www.hanectica.net\/kasvit\/wp-content\/uploads\/2013\/02\/Ilta-Innsmouthissa-4.jpg\"><img loading=\"lazy\" decoding=\"async\" class=\"aligncenter size-full wp-image-176\" alt=\"Ilta-Innsmouthissa-4\" src=\"https:\/\/www.hanectica.net\/kasvit\/wp-content\/uploads\/2013\/02\/Ilta-Innsmouthissa-4.jpg\" width=\"650\" height=\"395\" srcset=\"https:\/\/www.hanectica.net\/kasvit\/wp-content\/uploads\/2013\/02\/Ilta-Innsmouthissa-4.jpg 650w, https:\/\/www.hanectica.net\/kasvit\/wp-content\/uploads\/2013\/02\/Ilta-Innsmouthissa-4-300x182.jpg 300w\" sizes=\"auto, (max-width: 650px) 100vw, 650px\" \/><\/a><\/p>\n<p>&nbsp;<\/p>\n<p><a href=\"https:\/\/www.hanectica.net\/kasvit\/wp-content\/uploads\/2013\/02\/Ilta-Innsmouthissa-5.jpg\"><img loading=\"lazy\" decoding=\"async\" class=\"aligncenter size-full wp-image-177\" alt=\"Ilta-Innsmouthissa-5\" src=\"https:\/\/www.hanectica.net\/kasvit\/wp-content\/uploads\/2013\/02\/Ilta-Innsmouthissa-5.jpg\" width=\"650\" height=\"395\" srcset=\"https:\/\/www.hanectica.net\/kasvit\/wp-content\/uploads\/2013\/02\/Ilta-Innsmouthissa-5.jpg 650w, https:\/\/www.hanectica.net\/kasvit\/wp-content\/uploads\/2013\/02\/Ilta-Innsmouthissa-5-300x182.jpg 300w\" sizes=\"auto, (max-width: 650px) 100vw, 650px\" \/><\/a><\/p>\n<p>&nbsp;<\/p>\n<p><a href=\"https:\/\/www.hanectica.net\/kasvit\/wp-content\/uploads\/2013\/02\/Ilta-Innsmouthissa-6.jpg\"><img loading=\"lazy\" decoding=\"async\" class=\"aligncenter size-full wp-image-178\" alt=\"Ilta-Innsmouthissa-6\" src=\"https:\/\/www.hanectica.net\/kasvit\/wp-content\/uploads\/2013\/02\/Ilta-Innsmouthissa-6.jpg\" width=\"650\" height=\"395\" srcset=\"https:\/\/www.hanectica.net\/kasvit\/wp-content\/uploads\/2013\/02\/Ilta-Innsmouthissa-6.jpg 650w, https:\/\/www.hanectica.net\/kasvit\/wp-content\/uploads\/2013\/02\/Ilta-Innsmouthissa-6-300x182.jpg 300w\" sizes=\"auto, (max-width: 650px) 100vw, 650px\" \/><\/a><\/p>\n<p>&nbsp;<\/p>\n<p><a href=\"https:\/\/www.hanectica.net\/kasvit\/wp-content\/uploads\/2013\/02\/Ilta-Innsmouthissa-7.jpg\"><img loading=\"lazy\" decoding=\"async\" class=\"aligncenter size-full wp-image-179\" alt=\"Ilta-Innsmouthissa-7\" src=\"https:\/\/www.hanectica.net\/kasvit\/wp-content\/uploads\/2013\/02\/Ilta-Innsmouthissa-7.jpg\" width=\"650\" height=\"395\" srcset=\"https:\/\/www.hanectica.net\/kasvit\/wp-content\/uploads\/2013\/02\/Ilta-Innsmouthissa-7.jpg 650w, https:\/\/www.hanectica.net\/kasvit\/wp-content\/uploads\/2013\/02\/Ilta-Innsmouthissa-7-300x182.jpg 300w\" sizes=\"auto, (max-width: 650px) 100vw, 650px\" \/><\/a><\/p>\n<p>&nbsp;<\/p>\n<p><a href=\"https:\/\/www.hanectica.net\/kasvit\/wp-content\/uploads\/2013\/02\/Ilta-Innsmouthissa-8.jpg\"><img loading=\"lazy\" decoding=\"async\" class=\"aligncenter size-full wp-image-180\" alt=\"Ilta-Innsmouthissa-8\" src=\"https:\/\/www.hanectica.net\/kasvit\/wp-content\/uploads\/2013\/02\/Ilta-Innsmouthissa-8.jpg\" width=\"650\" height=\"395\" srcset=\"https:\/\/www.hanectica.net\/kasvit\/wp-content\/uploads\/2013\/02\/Ilta-Innsmouthissa-8.jpg 650w, https:\/\/www.hanectica.net\/kasvit\/wp-content\/uploads\/2013\/02\/Ilta-Innsmouthissa-8-300x182.jpg 300w\" sizes=\"auto, (max-width: 650px) 100vw, 650px\" \/><\/a><\/p>\n<h2>J\u00c4LKIPUHEET JA KIITOKSET<\/h2>\n<p><strong>Min\u00e4:<\/strong> T\u00e4m\u00e4 sarjakuva on kuvattu <a title=\"Second Lifen sivuille\" href=\"http:\/\/secondlife.com\/\" target=\"_blank\">Second Lifess\u00e4<\/a>, Innsmouthissa, joka on pelottava, upean r\u00e4hj\u00e4inen pikkukyl\u00e4. Kiitos sinullekin, Thelma! Ei tainnut olla ihan helppo nakki.<br \/>\n<strong>Thelma:<\/strong> No, ei! Yks hemmetin kummitus t\u00f6ni mua koko ajan jorpakkoon. Juoksin pitkin kujia pakoon ja se tuli per\u00e4ss\u00e4. Tuuppi niin, ettei kuvauksista tahtonut tulla mit\u00e4\u00e4n.<br \/>\n<strong>Khiira:<\/strong> Olit sitten p\u00f6llinyt jostain kirpputorilta tyylikk\u00e4\u00e4n asusteen ja peruukin, Thelma. Ihanko itse olit valinnut?<br \/>\n<strong>Thelma:<\/strong> Turha siin\u00e4 ivailla. Kun ei t\u00e4st\u00e4 hommasta mit\u00e4\u00e4n makseta ja itse pit\u00e4\u00e4 viel\u00e4 hankkia rekvisiitat, niin en kai m\u00e4 mit\u00e4\u00e4n rahaa t\u00e4h\u00e4n satsaa. Mit\u00e4 ilmatteeks saa&#8230;<br \/>\n<strong>Min\u00e4:<\/strong> Sori. Joo, olisi kiva, jos voisin maksaa teille jotain, mutta&#8230;<br \/>\n<strong>Thelma:<\/strong> No, j\u00e4rjestit mulle kuitenkin sen uroksen, jota kaipailin edelliskerralla. Hieno asu, Khiira. Paljonko pulitit siit\u00e4?<br \/>\n<strong>Khiira:<\/strong> En se min\u00e4 ollut! Olin vuoteen pohjalla flunssassa.<br \/>\n<strong>Min\u00e4:<\/strong> En saanut siihen h\u00e4t\u00e4\u00e4n ket\u00e4\u00e4n muutakaan, niin tein sopimuksen Cthulhun kanssa.<br \/>\n<strong>Thelma:<\/strong> Kenen?<br \/>\n<strong>Min\u00e4:<\/strong> Cthulhun. Sen, joka esitti sun ukkokultaasi.<br \/>\n<strong>Thelma:<\/strong> Tuliko se&#8230; Cthu&#8230; what ever&#8230; ilmaiseksi? Mist\u00e4 olit ostanut sille sen asun?<br \/>\n<strong>Khiira:<\/strong> Cthulhu! Sun yleissivistyksess\u00e4 olisi parantamisen varaa, Thelma!<br \/>\n<strong>Min\u00e4:<\/strong> Ei Cthulhulla mit\u00e4\u00e4n asua ollut. Ihan omana itsen\u00e4\u00e4n oli.<br \/>\n<strong>Thelma:<\/strong> Voi hemmetin hemmetti&#8230; Ja se sopimus?<br \/>\n<strong>Min\u00e4:<\/strong> Lupasin, ett\u00e4 Cthulhu saa sulta suukon. Yhden pikkusuukon vain. Ei muuta.<br \/>\n<strong>Thelma:<\/strong> VOI EI! Tied\u00e4tk\u00f6, miss\u00e4 sen lonkero oli sen yhden pikkusuukon aikana!<br \/>\n<strong>Khiira:<\/strong> Hah hah! Taisit saada el\u00e4m\u00e4si kielarin, Thelma.<br \/>\n<strong>Thelma:<\/strong> APUA! Mun on pakko menn\u00e4 pesem\u00e4\u00e4n suu uudestaan&#8230; t\u00e4ll\u00e4 kertaa pulloharjalla. (<em>menee<\/em>)<br \/>\n<strong>Min\u00e4:<\/strong> Suuttuiko se?<br \/>\n<strong>Khiira:<\/strong> Ei mit\u00e4\u00e4n huolta. Thelma on kuin koira: aikansa haukkuu ja sitten tulee loikoilemaan viereen h\u00e4nt\u00e4 heiluen. Miss\u00e4s se suukottelukuva muuten on?<br \/>\n<strong>Min\u00e4:<\/strong> Se oli pakko sensuroida.<\/p>\n<p>&#8211; Seuraavaan kertaan&#8230; jos sellaista tulee &#8211;<\/p>\n","protected":false},"excerpt":{"rendered":"<p>Toinen Second Lifess\u00e4 kuvaamani fantasiaan kallellaan oleva &#8221;sarjakuva&#8221; n\u00e4ki p\u00e4iv\u00e4nvalon 21.2.2013. Katso ensin Outo kaupunki -sarjis, jos et ole viel\u00e4 n\u00e4hnyt sit\u00e4. Pitk\u00e4 y\u00f6 Innsmouthissa on pikemminkin tunnelmointia kuin varsinaisesti mik\u00e4\u00e4n juonellinen sarjakuva. Sit\u00e4 kannattaa kuitenkin lukea hitaasti, niin ett\u00e4 &hellip; <a href=\"https:\/\/www.hanectica.net\/kasvit\/sl-sarjakuvia\/pitka-yo-innsmouthissa\/\">Lue loppuun <span class=\"meta-nav\">&rarr;<\/span><\/a><\/p>\n","protected":false},"author":1,"featured_media":0,"parent":139,"menu_order":2,"comment_status":"open","ping_status":"open","template":"","meta":{"footnotes":""},"class_list":["post-171","page","type-page","status-publish","hentry"],"_links":{"self":[{"href":"https:\/\/www.hanectica.net\/kasvit\/wp-json\/wp\/v2\/pages\/171","targetHints":{"allow":["GET"]}}],"collection":[{"href":"https:\/\/www.hanectica.net\/kasvit\/wp-json\/wp\/v2\/pages"}],"about":[{"href":"https:\/\/www.hanectica.net\/kasvit\/wp-json\/wp\/v2\/types\/page"}],"author":[{"embeddable":true,"href":"https:\/\/www.hanectica.net\/kasvit\/wp-json\/wp\/v2\/users\/1"}],"replies":[{"embeddable":true,"href":"https:\/\/www.hanectica.net\/kasvit\/wp-json\/wp\/v2\/comments?post=171"}],"version-history":[{"count":10,"href":"https:\/\/www.hanectica.net\/kasvit\/wp-json\/wp\/v2\/pages\/171\/revisions"}],"predecessor-version":[{"id":190,"href":"https:\/\/www.hanectica.net\/kasvit\/wp-json\/wp\/v2\/pages\/171\/revisions\/190"}],"up":[{"embeddable":true,"href":"https:\/\/www.hanectica.net\/kasvit\/wp-json\/wp\/v2\/pages\/139"}],"wp:attachment":[{"href":"https:\/\/www.hanectica.net\/kasvit\/wp-json\/wp\/v2\/media?parent=171"}],"curies":[{"name":"wp","href":"https:\/\/api.w.org\/{rel}","templated":true}]}}