{"id":141,"date":"2012-11-05T15:56:43","date_gmt":"2012-11-05T15:56:43","guid":{"rendered":"http:\/\/www.hanectica.net\/kasvit\/?page_id=141"},"modified":"2013-02-21T16:09:46","modified_gmt":"2013-02-21T16:09:46","slug":"outo-kaupunki","status":"publish","type":"page","link":"https:\/\/www.hanectica.net\/kasvit\/sl-sarjakuvia\/outo-kaupunki\/","title":{"rendered":"Outo kaupunki"},"content":{"rendered":"<p>Ensimm\u00e4inen Second Lifess\u00e4 kuvattu scifi-henkinen &#8221;sarjakuvani&#8221; n\u00e4ki p\u00e4iv\u00e4nvalon 5.11.2012.<\/p>\n<p><img loading=\"lazy\" decoding=\"async\" class=\"aligncenter size-full wp-image-114\" title=\"outo-kaupunki-1\" alt=\"\" src=\"https:\/\/www.hanectica.net\/kasvit\/wp-content\/uploads\/2012\/11\/outo-kaupunki-1.jpg\" width=\"650\" height=\"395\" srcset=\"https:\/\/www.hanectica.net\/kasvit\/wp-content\/uploads\/2012\/11\/outo-kaupunki-1.jpg 650w, https:\/\/www.hanectica.net\/kasvit\/wp-content\/uploads\/2012\/11\/outo-kaupunki-1-300x182.jpg 300w\" sizes=\"auto, (max-width: 650px) 100vw, 650px\" \/><\/p>\n<p><img loading=\"lazy\" decoding=\"async\" class=\"aligncenter size-full wp-image-115\" alt=\"\" src=\"https:\/\/www.hanectica.net\/kasvit\/wp-content\/uploads\/2012\/11\/outo-kaupunki-2.jpg\" width=\"650\" height=\"395\" srcset=\"https:\/\/www.hanectica.net\/kasvit\/wp-content\/uploads\/2012\/11\/outo-kaupunki-2.jpg 650w, https:\/\/www.hanectica.net\/kasvit\/wp-content\/uploads\/2012\/11\/outo-kaupunki-2-300x182.jpg 300w\" sizes=\"auto, (max-width: 650px) 100vw, 650px\" \/><\/p>\n<p><img loading=\"lazy\" decoding=\"async\" class=\"aligncenter size-full wp-image-117\" title=\"\" alt=\"\" src=\"https:\/\/www.hanectica.net\/kasvit\/wp-content\/uploads\/2012\/11\/outo-kaupunki-3.jpg\" width=\"650\" height=\"395\" srcset=\"https:\/\/www.hanectica.net\/kasvit\/wp-content\/uploads\/2012\/11\/outo-kaupunki-3.jpg 650w, https:\/\/www.hanectica.net\/kasvit\/wp-content\/uploads\/2012\/11\/outo-kaupunki-3-300x182.jpg 300w\" sizes=\"auto, (max-width: 650px) 100vw, 650px\" \/><\/p>\n<p><img loading=\"lazy\" decoding=\"async\" class=\"aligncenter size-full wp-image-118\" title=\"\" alt=\"\" src=\"https:\/\/www.hanectica.net\/kasvit\/wp-content\/uploads\/2012\/11\/outo-kaupunki-4.jpg\" width=\"650\" height=\"395\" srcset=\"https:\/\/www.hanectica.net\/kasvit\/wp-content\/uploads\/2012\/11\/outo-kaupunki-4.jpg 650w, https:\/\/www.hanectica.net\/kasvit\/wp-content\/uploads\/2012\/11\/outo-kaupunki-4-300x182.jpg 300w\" sizes=\"auto, (max-width: 650px) 100vw, 650px\" \/><\/p>\n<p><img loading=\"lazy\" decoding=\"async\" class=\"aligncenter size-full wp-image-119\" title=\"\" alt=\"\" src=\"https:\/\/www.hanectica.net\/kasvit\/wp-content\/uploads\/2012\/11\/outo-kaupunki-5.jpg\" width=\"650\" height=\"395\" srcset=\"https:\/\/www.hanectica.net\/kasvit\/wp-content\/uploads\/2012\/11\/outo-kaupunki-5.jpg 650w, https:\/\/www.hanectica.net\/kasvit\/wp-content\/uploads\/2012\/11\/outo-kaupunki-5-300x182.jpg 300w\" sizes=\"auto, (max-width: 650px) 100vw, 650px\" \/><\/p>\n<p><img loading=\"lazy\" decoding=\"async\" class=\"aligncenter size-full wp-image-120\" title=\"\" alt=\"\" src=\"https:\/\/www.hanectica.net\/kasvit\/wp-content\/uploads\/2012\/11\/outo-kaupunki-6.jpg\" width=\"650\" height=\"395\" srcset=\"https:\/\/www.hanectica.net\/kasvit\/wp-content\/uploads\/2012\/11\/outo-kaupunki-6.jpg 650w, https:\/\/www.hanectica.net\/kasvit\/wp-content\/uploads\/2012\/11\/outo-kaupunki-6-300x182.jpg 300w\" sizes=\"auto, (max-width: 650px) 100vw, 650px\" \/><\/p>\n<p><img loading=\"lazy\" decoding=\"async\" class=\"aligncenter size-full wp-image-150\" title=\"\" alt=\"\" src=\"https:\/\/www.hanectica.net\/kasvit\/wp-content\/uploads\/2012\/11\/outo-kaupunki-6-lisa.jpg\" width=\"650\" height=\"395\" srcset=\"https:\/\/www.hanectica.net\/kasvit\/wp-content\/uploads\/2012\/11\/outo-kaupunki-6-lisa.jpg 650w, https:\/\/www.hanectica.net\/kasvit\/wp-content\/uploads\/2012\/11\/outo-kaupunki-6-lisa-300x182.jpg 300w\" sizes=\"auto, (max-width: 650px) 100vw, 650px\" \/><\/p>\n<p><img loading=\"lazy\" decoding=\"async\" class=\"aligncenter size-full wp-image-151\" title=\"\" alt=\"\" src=\"https:\/\/www.hanectica.net\/kasvit\/wp-content\/uploads\/2012\/11\/outo-kaupunki-71.jpg\" width=\"650\" height=\"395\" srcset=\"https:\/\/www.hanectica.net\/kasvit\/wp-content\/uploads\/2012\/11\/outo-kaupunki-71.jpg 650w, https:\/\/www.hanectica.net\/kasvit\/wp-content\/uploads\/2012\/11\/outo-kaupunki-71-300x182.jpg 300w\" sizes=\"auto, (max-width: 650px) 100vw, 650px\" \/><\/p>\n<p><img loading=\"lazy\" decoding=\"async\" class=\"aligncenter size-full wp-image-125\" title=\"\" alt=\"\" src=\"https:\/\/www.hanectica.net\/kasvit\/wp-content\/uploads\/2012\/11\/outo-kaupunki-8.jpg\" width=\"650\" height=\"395\" srcset=\"https:\/\/www.hanectica.net\/kasvit\/wp-content\/uploads\/2012\/11\/outo-kaupunki-8.jpg 650w, https:\/\/www.hanectica.net\/kasvit\/wp-content\/uploads\/2012\/11\/outo-kaupunki-8-300x182.jpg 300w\" sizes=\"auto, (max-width: 650px) 100vw, 650px\" \/><\/p>\n<p><img loading=\"lazy\" decoding=\"async\" class=\"aligncenter size-full wp-image-152\" title=\"\" alt=\"\" src=\"https:\/\/www.hanectica.net\/kasvit\/wp-content\/uploads\/2012\/11\/outo-kaupunki-91.jpg\" width=\"650\" height=\"395\" srcset=\"https:\/\/www.hanectica.net\/kasvit\/wp-content\/uploads\/2012\/11\/outo-kaupunki-91.jpg 650w, https:\/\/www.hanectica.net\/kasvit\/wp-content\/uploads\/2012\/11\/outo-kaupunki-91-300x182.jpg 300w\" sizes=\"auto, (max-width: 650px) 100vw, 650px\" \/><\/p>\n<p><img loading=\"lazy\" decoding=\"async\" class=\"aligncenter size-full wp-image-127\" title=\"\" alt=\"\" src=\"https:\/\/www.hanectica.net\/kasvit\/wp-content\/uploads\/2012\/11\/outo-kaupunki-10.jpg\" width=\"650\" height=\"395\" srcset=\"https:\/\/www.hanectica.net\/kasvit\/wp-content\/uploads\/2012\/11\/outo-kaupunki-10.jpg 650w, https:\/\/www.hanectica.net\/kasvit\/wp-content\/uploads\/2012\/11\/outo-kaupunki-10-300x182.jpg 300w\" sizes=\"auto, (max-width: 650px) 100vw, 650px\" \/><\/p>\n<p><img loading=\"lazy\" decoding=\"async\" class=\"aligncenter size-full wp-image-153\" title=\"\" alt=\"\" src=\"https:\/\/www.hanectica.net\/kasvit\/wp-content\/uploads\/2012\/11\/outo-kaupunki-111.jpg\" width=\"650\" height=\"395\" srcset=\"https:\/\/www.hanectica.net\/kasvit\/wp-content\/uploads\/2012\/11\/outo-kaupunki-111.jpg 650w, https:\/\/www.hanectica.net\/kasvit\/wp-content\/uploads\/2012\/11\/outo-kaupunki-111-300x182.jpg 300w\" sizes=\"auto, (max-width: 650px) 100vw, 650px\" \/><\/p>\n<h2>J\u00c4LKIPUHEET JA KIITOKSET<\/h2>\n<p><strong>Min\u00e4:<\/strong> T\u00e4m\u00e4 sarjakuva on kuvattu <a title=\"Second Lifen sivuille\" href=\"http:\/\/secondlife.com\/\" target=\"_blank\">Second Lifess\u00e4<\/a>, Seraph Cityss\u00e4, joka on hieno menneen ajan kaupunkimilj\u00f6\u00f6. Se on my\u00f6s <a title=\"The Blackened Mirrow -sarjan sivuille\" href=\"http:\/\/www.theblackenedmirror.com\/\" target=\"_blank\">The Blackened Mirror<\/a> -sarjan p\u00e4\u00e4n\u00e4ytt\u00e4m\u00f6. Kiitokset my\u00f6s teille, Khiira ja Thelma, ett\u00e4 suostuitte tulemaan mukaan t\u00e4h\u00e4n projektiin niin lyhyell\u00e4 varoitusajalla.<strong><br \/>\nKhiira:<\/strong> Eip\u00e4 kest\u00e4. Oli ihan mukava kokemus. Me vaan ei olla Thelman kanssa mit\u00e4\u00e4n suuren luokan luonnen\u00e4yttelij\u00f6it\u00e4<strong>.<br \/>\nThelma:<\/strong> No, se nyt tuli harvinaisen selv\u00e4ksi kaikille, jotka katsoivat noi stripit l\u00e4pi!<strong><br \/>\nMin\u00e4:<\/strong> Hienosti p\u00e4rj\u00e4sitte. Ja olitte ihanan k\u00e4rsiv\u00e4llisi\u00e4.<br \/>\n<strong>Thelma:<\/strong> Nyt kun t\u00e4m\u00e4 on valmis, olisi voitu palata Seraph Cityyn etsim\u00e4\u00e4n niit\u00e4 Blackened Mirrorin jalokivi\u00e4, mutta Khii ehti jo kr\u00e4k\u00e4t\u00e4 kaikki koodit ja etsi\u00e4 k\u00e4tk\u00f6t.<br \/>\n<strong>Khiira:<\/strong> Sori. M\u00e4 taisin v\u00e4h\u00e4n innostua. Mutta voidaanhan me menn\u00e4 sinne shoppailemaan. Siell\u00e4 on myynniss\u00e4 ihania leninkej\u00e4. Noi sun farkut on ihan j\u00e4rkytt\u00e4v\u00e4n kulahtaneet, Thelma.<br \/>\n<strong>Thelma:<\/strong> Niin niiden kuuluukin olla!<br \/>\n<strong>Khiira:<\/strong> (<em>huokaus<\/em>)<br \/>\n<strong>Min\u00e4:<\/strong> Kiitokset viel\u00e4 kerran. Otan sitten yhteytt\u00e4, kun seuraava k\u00e4sikirjoitus on valmis ja voidaan ruveta kuvaamaan.<br \/>\n<strong>Thelma:<\/strong> Jos toivomuksia saa esitt\u00e4\u00e4, niin voisitko j\u00e4rk\u00e4t\u00e4 mulle seuraavaan projektiin komean uroksen?<br \/>\n<strong>Min\u00e4:<\/strong> Katsotaan&#8230;<br \/>\n<strong>Thelma:<\/strong> Ja vaikka Khii onkin tuommoinen siveyden sipuli, niin MUA ei yht\u00e4\u00e4n haittaa vilauttaa v\u00e4h\u00e4n reitt\u00e4 ja jotain muutakin.<br \/>\n<strong>Min\u00e4:<\/strong> Hyv\u00e4 tiet\u00e4\u00e4.<br \/>\n<strong>Khiira:<\/strong> \u00c4l\u00e4 yllyt\u00e4 sit\u00e4!<br \/>\n<strong>Min\u00e4:<\/strong> N\u00e4kemisiin ja kuulumisiin.<br \/>\n<strong>Thelma:<\/strong> Moido. Ja ensi kerraksi me yritell\u00e4\u00e4n harjoitella v\u00e4h\u00e4n ilmeit\u00e4kin.<br \/>\n<strong>Khiira:<\/strong> Hei hei! (<em>mutisee<\/em>) Mit\u00e4 hy\u00f6ty\u00e4 niist\u00e4 ilmeist\u00e4 on, kun enimm\u00e4kseen kuvattiin selki\u00e4.<\/p>\n<p>&#8211; Katso my\u00f6s seuraava\u00a0 SL-sarjakuva <a title=\"Pitk\u00e4 y\u00f6 Innsmouthissa\" href=\"https:\/\/www.hanectica.net\/kasvit\/sl-sarjakuvia\/pitka-yo-innsmouthissa\/\">Pitk\u00e4 y\u00f6 Innsmouthissa<\/a> &#8211;<\/p>\n","protected":false},"excerpt":{"rendered":"<p>Ensimm\u00e4inen Second Lifess\u00e4 kuvattu scifi-henkinen &#8221;sarjakuvani&#8221; n\u00e4ki p\u00e4iv\u00e4nvalon 5.11.2012. J\u00c4LKIPUHEET JA KIITOKSET Min\u00e4: T\u00e4m\u00e4 sarjakuva on kuvattu Second Lifess\u00e4, Seraph Cityss\u00e4, joka on hieno menneen ajan kaupunkimilj\u00f6\u00f6. Se on my\u00f6s The Blackened Mirror -sarjan p\u00e4\u00e4n\u00e4ytt\u00e4m\u00f6. Kiitokset my\u00f6s teille, Khiira ja &hellip; <a href=\"https:\/\/www.hanectica.net\/kasvit\/sl-sarjakuvia\/outo-kaupunki\/\">Lue loppuun <span class=\"meta-nav\">&rarr;<\/span><\/a><\/p>\n","protected":false},"author":1,"featured_media":0,"parent":139,"menu_order":0,"comment_status":"open","ping_status":"open","template":"","meta":{"footnotes":""},"class_list":["post-141","page","type-page","status-publish","hentry"],"_links":{"self":[{"href":"https:\/\/www.hanectica.net\/kasvit\/wp-json\/wp\/v2\/pages\/141","targetHints":{"allow":["GET"]}}],"collection":[{"href":"https:\/\/www.hanectica.net\/kasvit\/wp-json\/wp\/v2\/pages"}],"about":[{"href":"https:\/\/www.hanectica.net\/kasvit\/wp-json\/wp\/v2\/types\/page"}],"author":[{"embeddable":true,"href":"https:\/\/www.hanectica.net\/kasvit\/wp-json\/wp\/v2\/users\/1"}],"replies":[{"embeddable":true,"href":"https:\/\/www.hanectica.net\/kasvit\/wp-json\/wp\/v2\/comments?post=141"}],"version-history":[{"count":13,"href":"https:\/\/www.hanectica.net\/kasvit\/wp-json\/wp\/v2\/pages\/141\/revisions"}],"predecessor-version":[{"id":147,"href":"https:\/\/www.hanectica.net\/kasvit\/wp-json\/wp\/v2\/pages\/141\/revisions\/147"}],"up":[{"embeddable":true,"href":"https:\/\/www.hanectica.net\/kasvit\/wp-json\/wp\/v2\/pages\/139"}],"wp:attachment":[{"href":"https:\/\/www.hanectica.net\/kasvit\/wp-json\/wp\/v2\/media?parent=141"}],"curies":[{"name":"wp","href":"https:\/\/api.w.org\/{rel}","templated":true}]}}