{"id":14,"date":"2011-05-19T14:14:44","date_gmt":"2011-05-19T14:14:44","guid":{"rendered":"http:\/\/www.hanectica.net\/kasvit\/?page_id=14"},"modified":"2016-07-16T08:54:03","modified_gmt":"2016-07-16T05:54:03","slug":"kasveja-pihapiirista","status":"publish","type":"page","link":"https:\/\/www.hanectica.net\/kasvit\/esimerkkisivu\/kasveja-pihapiirista\/","title":{"rendered":"Pihoilta ja puistoista"},"content":{"rendered":"<hr \/>\n<p><strong>Pallerolaukka \u2013 Allium sphaerocephalon<\/strong><br \/>\nHeimo: Narsissikasvit \u2013 Amaryllidaceae<br \/>\nKorkeus: 30\u201350 cm. Kukkii hein\u00e4-elokuussa.<br \/>\nHennon varren p\u00e4\u00e4ss\u00e4 ihastuttavan v\u00e4rinen kukka.<\/p>\n<div id=\"attachment_447\" style=\"width: 433px\" class=\"wp-caption alignleft\"><img loading=\"lazy\" decoding=\"async\" aria-describedby=\"caption-attachment-447\" class=\"wp-image-447 size-full\" title=\"Pallerolaukka \u2013 Allium sphaerocephalon\" src=\"https:\/\/www.hanectica.net\/kasvit\/wp-content\/uploads\/2011\/05\/pallerolaukka.jpg\" alt=\"Pallerolaukka \u2013 Allium sphaerocephalon\" width=\"423\" height=\"313\" srcset=\"https:\/\/www.hanectica.net\/kasvit\/wp-content\/uploads\/2011\/05\/pallerolaukka.jpg 423w, https:\/\/www.hanectica.net\/kasvit\/wp-content\/uploads\/2011\/05\/pallerolaukka-300x222.jpg 300w\" sizes=\"auto, (max-width: 423px) 100vw, 423px\" \/><p id=\"caption-attachment-447\" class=\"wp-caption-text\">Pallerolaukka \u2013 Allium sphaerocephalon<\/p><\/div>\n<p><strong>Harmaamalvikki \u2013 Lavatera thuringiaca<\/strong><br \/>\nHeimo: Malvakasvit \u2013 Malvaceae<br \/>\nKorkeus: 100\u2013150 cm. Kukkii Suomessa hein\u00e4-syyskuussa.<br \/>\nSuomessa puutarhojen koristekasvi, It\u00e4-Euroopassa ja Aasiassa luonnonvaraisena.<\/p>\n<div id=\"attachment_442\" style=\"width: 433px\" class=\"wp-caption alignleft\"><img loading=\"lazy\" decoding=\"async\" aria-describedby=\"caption-attachment-442\" class=\"wp-image-442 size-full\" title=\"Harmaamalvikki \u2013 Lavatera thuringiaca\" src=\"https:\/\/www.hanectica.net\/kasvit\/wp-content\/uploads\/2011\/05\/harmaamalvikki.jpg\" alt=\"Harmaamalvikki \u2013 Lavatera thuringiaca\" width=\"423\" height=\"423\" srcset=\"https:\/\/www.hanectica.net\/kasvit\/wp-content\/uploads\/2011\/05\/harmaamalvikki.jpg 423w, https:\/\/www.hanectica.net\/kasvit\/wp-content\/uploads\/2011\/05\/harmaamalvikki-150x150.jpg 150w, https:\/\/www.hanectica.net\/kasvit\/wp-content\/uploads\/2011\/05\/harmaamalvikki-300x300.jpg 300w\" sizes=\"auto, (max-width: 423px) 100vw, 423px\" \/><p id=\"caption-attachment-442\" class=\"wp-caption-text\">Harmaamalvikki \u2013 Lavatera thuringiaca<\/p><\/div>\n<p><strong>Jalokiurunkannus \u2013 Corydalis nobilis<\/strong><br \/>\nHeimo: Unikkokasvit \u2013 Papaveraceae<br \/>\nKorkeus: 40\u201360 cm. Monivartinen, varsi pysty, runsashaarainen. Kukkii toukokuussa.<br \/>\nPerinteinen perenna.<\/p>\n<div id=\"attachment_15\" style=\"width: 433px\" class=\"wp-caption alignleft\"><img loading=\"lazy\" decoding=\"async\" aria-describedby=\"caption-attachment-15\" class=\"wp-image-15 size-full\" title=\"Jalokiurunkannus \u2013 Corydalis nobilis\" src=\"https:\/\/www.hanectica.net\/kasvit\/wp-content\/uploads\/2011\/05\/keltainen_kukka.jpg\" alt=\"Jalokiurunkannus \u2013 Corydalis nobilis\" width=\"423\" height=\"317\" srcset=\"https:\/\/www.hanectica.net\/kasvit\/wp-content\/uploads\/2011\/05\/keltainen_kukka.jpg 423w, https:\/\/www.hanectica.net\/kasvit\/wp-content\/uploads\/2011\/05\/keltainen_kukka-300x224.jpg 300w\" sizes=\"auto, (max-width: 423px) 100vw, 423px\" \/><p id=\"caption-attachment-15\" class=\"wp-caption-text\">Jalokiurunkannus \u2013 Corydalis nobilis<\/p><\/div>\n<p><strong>Kev\u00e4tkaihonkukka \u2013 Omphalodes verna<\/strong><br \/>\nHeimo: Lemmikkikasvit \u2013 Boraginaceae<br \/>\nKorkeus: 10\u201320 cm. Kukkii touko-kes\u00e4kuussa.<br \/>\nHelppohoitoinen, levi\u00e4v\u00e4 perenna. Viihtyy varjossa.<br \/>\n(Kuva otettu k\u00e4nnyk\u00e4ll\u00e4.)<\/p>\n<div id=\"attachment_27\" style=\"width: 433px\" class=\"wp-caption alignleft\"><img loading=\"lazy\" decoding=\"async\" aria-describedby=\"caption-attachment-27\" class=\"wp-image-27 size-full\" title=\"Kev\u00e4tkaihonkukka \u2013 Omphalodes verna\" src=\"https:\/\/www.hanectica.net\/kasvit\/wp-content\/uploads\/2011\/05\/kevatkaihonkukka.jpg\" alt=\"Kev\u00e4tkaihonkukka \u2013 Omphalodes verna\" width=\"423\" height=\"275\" srcset=\"https:\/\/www.hanectica.net\/kasvit\/wp-content\/uploads\/2011\/05\/kevatkaihonkukka.jpg 423w, https:\/\/www.hanectica.net\/kasvit\/wp-content\/uploads\/2011\/05\/kevatkaihonkukka-300x195.jpg 300w\" sizes=\"auto, (max-width: 423px) 100vw, 423px\" \/><p id=\"caption-attachment-27\" class=\"wp-caption-text\">Kev\u00e4tkaihonkukka \u2013 Omphalodes verna<\/p><\/div>\n<p>&nbsp;<\/p>\n<p>&nbsp;<\/p>\n<p>&nbsp;<\/p>\n<p>&nbsp;<\/p>\n<p>&nbsp;<\/p>\n<p>&nbsp;<\/p>\n<p>&nbsp;<\/p>\n<p>&nbsp;<\/p>\n<p><strong>Sinipallo-ohdake \u2013 Echinops bannaticus<\/strong><br \/>\nHeimo: Asterikasvit &#8211; Asteraceae<br \/>\nKorkeus: jopa metri. Kukkii hein\u00e4-elokuussa.<br \/>\nKuivuutta ja paahdetta kest\u00e4v\u00e4 perenna, joka houkuttelee p\u00f6lytt\u00e4ji\u00e4.<\/p>\n<div id=\"attachment_39\" style=\"width: 433px\" class=\"wp-caption alignleft\"><img loading=\"lazy\" decoding=\"async\" aria-describedby=\"caption-attachment-39\" class=\"wp-image-39 size-full\" title=\"Sinipallo-ohdake \u2013 Echinops bannaticus\" src=\"https:\/\/www.hanectica.net\/kasvit\/wp-content\/uploads\/2011\/05\/sinipallo-ohdake1.jpg\" alt=\"Sinipallo-ohdake \u2013 Echinops bannaticus\" width=\"423\" height=\"317\" srcset=\"https:\/\/www.hanectica.net\/kasvit\/wp-content\/uploads\/2011\/05\/sinipallo-ohdake1.jpg 423w, https:\/\/www.hanectica.net\/kasvit\/wp-content\/uploads\/2011\/05\/sinipallo-ohdake1-300x224.jpg 300w\" sizes=\"auto, (max-width: 423px) 100vw, 423px\" \/><p id=\"caption-attachment-39\" class=\"wp-caption-text\">Sinipallo-ohdake \u2013 Echinops bannaticus<\/p><\/div>\n<div id=\"attachment_40\" style=\"width: 433px\" class=\"wp-caption alignleft\"><img loading=\"lazy\" decoding=\"async\" aria-describedby=\"caption-attachment-40\" class=\"wp-image-40 size-full\" title=\"Sinipallo-ohdake ja yst\u00e4v\u00e4\" src=\"https:\/\/www.hanectica.net\/kasvit\/wp-content\/uploads\/2011\/05\/sinipallo-ohdake2.jpg\" alt=\"Sinipallo-ohdake ja yst\u00e4v\u00e4\" width=\"423\" height=\"324\" srcset=\"https:\/\/www.hanectica.net\/kasvit\/wp-content\/uploads\/2011\/05\/sinipallo-ohdake2.jpg 423w, https:\/\/www.hanectica.net\/kasvit\/wp-content\/uploads\/2011\/05\/sinipallo-ohdake2-300x229.jpg 300w\" sizes=\"auto, (max-width: 423px) 100vw, 423px\" \/><p id=\"caption-attachment-40\" class=\"wp-caption-text\">Sinipallo-ohdake aloittelee kukintaansa.<\/p><\/div>\n","protected":false},"excerpt":{"rendered":"<p>Pallerolaukka \u2013 Allium sphaerocephalon Heimo: Narsissikasvit \u2013 Amaryllidaceae Korkeus: 30\u201350 cm. Kukkii hein\u00e4-elokuussa. Hennon varren p\u00e4\u00e4ss\u00e4 ihastuttavan v\u00e4rinen kukka. Harmaamalvikki \u2013 Lavatera thuringiaca Heimo: Malvakasvit \u2013 Malvaceae Korkeus: 100\u2013150 cm. Kukkii Suomessa hein\u00e4-syyskuussa. Suomessa puutarhojen koristekasvi, It\u00e4-Euroopassa ja Aasiassa luonnonvaraisena. &hellip; <a href=\"https:\/\/www.hanectica.net\/kasvit\/esimerkkisivu\/kasveja-pihapiirista\/\">Lue loppuun <span class=\"meta-nav\">&rarr;<\/span><\/a><\/p>\n","protected":false},"author":1,"featured_media":0,"parent":2,"menu_order":0,"comment_status":"open","ping_status":"open","template":"","meta":{"footnotes":""},"class_list":["post-14","page","type-page","status-publish","hentry"],"_links":{"self":[{"href":"https:\/\/www.hanectica.net\/kasvit\/wp-json\/wp\/v2\/pages\/14","targetHints":{"allow":["GET"]}}],"collection":[{"href":"https:\/\/www.hanectica.net\/kasvit\/wp-json\/wp\/v2\/pages"}],"about":[{"href":"https:\/\/www.hanectica.net\/kasvit\/wp-json\/wp\/v2\/types\/page"}],"author":[{"embeddable":true,"href":"https:\/\/www.hanectica.net\/kasvit\/wp-json\/wp\/v2\/users\/1"}],"replies":[{"embeddable":true,"href":"https:\/\/www.hanectica.net\/kasvit\/wp-json\/wp\/v2\/comments?post=14"}],"version-history":[{"count":27,"href":"https:\/\/www.hanectica.net\/kasvit\/wp-json\/wp\/v2\/pages\/14\/revisions"}],"predecessor-version":[{"id":529,"href":"https:\/\/www.hanectica.net\/kasvit\/wp-json\/wp\/v2\/pages\/14\/revisions\/529"}],"up":[{"embeddable":true,"href":"https:\/\/www.hanectica.net\/kasvit\/wp-json\/wp\/v2\/pages\/2"}],"wp:attachment":[{"href":"https:\/\/www.hanectica.net\/kasvit\/wp-json\/wp\/v2\/media?parent=14"}],"curies":[{"name":"wp","href":"https:\/\/api.w.org\/{rel}","templated":true}]}}