{"id":1288,"date":"2022-07-06T16:14:07","date_gmt":"2022-07-06T13:14:07","guid":{"rendered":"http:\/\/www.hanectica.net\/kasvit\/?page_id=1288"},"modified":"2022-07-13T20:04:23","modified_gmt":"2022-07-13T17:04:23","slug":"valoja-yossa","status":"publish","type":"page","link":"https:\/\/www.hanectica.net\/kasvit\/tarinoita\/valoja-yossa\/","title":{"rendered":"Valoja y\u00f6ss\u00e4"},"content":{"rendered":"<p>H\u00e4n her\u00e4\u00e4 hein\u00e4kuisen y\u00f6n pimeimp\u00e4\u00e4n hetkeen. Talo h\u00e4nen ymp\u00e4rill\u00e4\u00e4n nuokkuu \u00e4\u00e4nett\u00f6m\u00e4n\u00e4, eik\u00e4 ulkoa kuulu aamuvirkkujen lintujen lasinkirkkaita \u00e4\u00e4ni\u00e4, ei tuulen kuiskuttelua m\u00e4ntyjen neulasissa, eik\u00e4 sade kirjoita runoja ikkunalaudan p\u00f6lyiseen peltiin.<br \/>\n<span style=\"color: #ffffff;\">&#8212;-<\/span> Hiljaisuusko h\u00e4net her\u00e4tti? Tuikkasiko joku h\u00e4nen alati sirisev\u00e4\u00e4n vasempaan korvaansa niin syv\u00e4n hiljaisuuden, ett\u00e4 h\u00e4n her\u00e4si?<br \/>\n<span style=\"color: #ffffff;\">&#8212;-<\/span> Juuri kun h\u00e4n p\u00f6yhii tyynyst\u00e4 viile\u00e4mm\u00e4n kulman, valkoinen valo s\u00e4v\u00e4ht\u00e4\u00e4 huoneeseen ja valaisee hetkeksi kaiken. Ajoiko auto pihaan? Mutta h\u00e4n ei kuule moottorin hurinaa, ei oven l\u00e4im\u00e4ytyst\u00e4 eik\u00e4 y\u00f6ss\u00e4 eksynein\u00e4 kuljeskelevia sanoja. Hiljaisuus painautuu t\u00e4rykalvoja vasten kuin pime\u00e4 aine, joka t\u00e4ytt\u00e4\u00e4 kaikki v\u00e4lit, tyhjyyden.<br \/>\n<span style=\"color: #ffffff;\">&#8212;-<\/span> Tuliko valo pihalampusta, siit\u00e4 joka on ollut sammuksissa edellistalvesta asti? Syttyik\u00f6 se \u00e4sken ja sammui heti uudestaan? Mutta ei sen valo ylety h\u00e4nen makuuhuoneeseensa, ei edes keitti\u00f6\u00f6n. Pihlajat ovat sulkeneet sen rehev\u00e4\u00e4n halaukseen.<br \/>\n<span style=\"color: #ffffff;\">&#8212;-<\/span> H\u00e4n odottaa hetken, toisenkin. Valo pysyy poissa. V\u00e4symys painaa h\u00e4nen luomensa kiinni, mutta uni ei tule. Se kiert\u00e4\u00e4 s\u00e4nky\u00e4, hipaisee tyyny\u00e4 ja menee toiseen huoneeseen. Pit\u00e4isik\u00f6 h\u00e4nen hakea se sielt\u00e4?<br \/>\n<span style=\"color: #ffffff;\">&#8212;-<\/span> Luomien l\u00e4pi h\u00e4n n\u00e4kee valon tuikahduksia, himmeit\u00e4, punertavia. H\u00e4n on melko varma, ett\u00e4 ne ovat mielikuvitusta tai synapsien s\u00e4ps\u00e4hdyksi\u00e4 v\u00e4syneiss\u00e4 aivoissa. Kaikuja edellisest\u00e4 p\u00e4iv\u00e4st\u00e4. On kuitenkin pakko avata silm\u00e4t ja varmistaa.<br \/>\n<span style=\"color: #ffffff;\">&#8212;-<\/span> Makuuhuoneessa ei ole niin pime\u00e4\u00e4 kuin talvi\u00f6in\u00e4. Ennen kuin h\u00e4n sulkee silm\u00e4t uudestaan, h\u00e4n miettii teksti\u00e4, jota oli kirjoittanut illalla. P\u00e4\u00e4henkil\u00f6n her\u00e4\u00e4mist\u00e4 tietoisuuteen, miten sen kuvaisi, kun \u00e4kki\u00e4 tajuaa, mik\u00e4 on ja mik\u00e4 ei ole.<br \/>\n<span style=\"color: #ffffff;\">&#8212;-<\/span> Silloin valo v\u00e4l\u00e4ht\u00e4\u00e4 uudestaan. Se on valkoinen ja totta, vaikka h\u00e4vi\u00e4\u00e4kin heti. Kuin valonheittimest\u00e4 olisi v\u00e4l\u00e4ytetty. Valaisiko joku pihalla liikkuja ikkunoita isolla, tehokkaalla taskulampulla? H\u00e4n kuulostelee kuulematta mit\u00e4\u00e4n. Sitten uusi valonleimahdus. Valkoinen valo y\u00f6n syv\u00e4ss\u00e4 hiljaisuudessa.<br \/>\n<span style=\"color: #ffffff;\">&#8212;-<\/span> H\u00e4n nousee s\u00e4ngyst\u00e4, menee ikkunan luo ja kurkistaa verhon raosta. Pihalamput j\u00e4\u00e4v\u00e4t talon kulman taakse. H\u00e4n ei n\u00e4e edes sit\u00e4 sammunutta mets\u00e4n reunassa, pihlajien syleilyss\u00e4. Valaisin ulkosein\u00e4ss\u00e4 sirottaa pehme\u00e4\u00e4 valoaan tyhj\u00e4lle, hiljaiselle pihalle. Kettuakaan ei n\u00e4y l\u00e4pikulkumatkalla. Ilman auringonvaloa samettiruusut hehkuvat himme\u00e4\u00e4, unista oranssia parvekelaatikossa.<br \/>\n<span style=\"color: #ffffff;\">&#8212;-<\/span> H\u00e4n menee olohuoneeseen ja raottaa s\u00e4lekaihdinta. L\u00e4hin pihalamppu tolpan p\u00e4\u00e4ss\u00e4 on pime\u00e4n\u00e4, on ollut jo yli vuoden. Sen takana toinen lamppu vilkuttaa valkoista valoa kiihtyneen\u00e4, niin kuin sill\u00e4 olisi t\u00e4rke\u00e4\u00e4 asiaa. Kuin se haluaisi tulla kuulluksi.<br \/>\n<span style=\"color: #ffffff;\">&#8212;-<\/span> Mutta h\u00e4n ymm\u00e4rt\u00e4\u00e4 vain sanoja, niit\u00e4kin valikoivasti ja omilla v\u00e4reill\u00e4 maustaen. Valkoisen valon puhdasta kielt\u00e4 h\u00e4n ei osaa tulkita.<br \/>\n<span style=\"color: #ffffff;\">&#8212;-<\/span> Mit\u00e4 y\u00f6 haluaa kertoa? Ja miksi h\u00e4nelle?<\/p>\n<p><iframe loading=\"lazy\" title=\"YouTube video player\" src=\"https:\/\/www.youtube.com\/embed\/XuG-0d-8I78\" width=\"560\" height=\"315\" frameborder=\"0\" allowfullscreen=\"allowfullscreen\"><\/iframe><\/p>\n","protected":false},"excerpt":{"rendered":"<p>H\u00e4n her\u00e4\u00e4 hein\u00e4kuisen y\u00f6n pimeimp\u00e4\u00e4n hetkeen. Talo h\u00e4nen ymp\u00e4rill\u00e4\u00e4n nuokkuu \u00e4\u00e4nett\u00f6m\u00e4n\u00e4, eik\u00e4 ulkoa kuulu aamuvirkkujen lintujen lasinkirkkaita \u00e4\u00e4ni\u00e4, ei tuulen kuiskuttelua m\u00e4ntyjen neulasissa, eik\u00e4 sade kirjoita runoja ikkunalaudan p\u00f6lyiseen peltiin. &#8212;- Hiljaisuusko h\u00e4net her\u00e4tti? Tuikkasiko joku h\u00e4nen alati sirisev\u00e4\u00e4n vasempaan &hellip; <a href=\"https:\/\/www.hanectica.net\/kasvit\/tarinoita\/valoja-yossa\/\">Lue loppuun <span class=\"meta-nav\">&rarr;<\/span><\/a><\/p>\n","protected":false},"author":1,"featured_media":0,"parent":372,"menu_order":2,"comment_status":"closed","ping_status":"closed","template":"","meta":{"footnotes":""},"class_list":["post-1288","page","type-page","status-publish","hentry"],"_links":{"self":[{"href":"https:\/\/www.hanectica.net\/kasvit\/wp-json\/wp\/v2\/pages\/1288","targetHints":{"allow":["GET"]}}],"collection":[{"href":"https:\/\/www.hanectica.net\/kasvit\/wp-json\/wp\/v2\/pages"}],"about":[{"href":"https:\/\/www.hanectica.net\/kasvit\/wp-json\/wp\/v2\/types\/page"}],"author":[{"embeddable":true,"href":"https:\/\/www.hanectica.net\/kasvit\/wp-json\/wp\/v2\/users\/1"}],"replies":[{"embeddable":true,"href":"https:\/\/www.hanectica.net\/kasvit\/wp-json\/wp\/v2\/comments?post=1288"}],"version-history":[{"count":8,"href":"https:\/\/www.hanectica.net\/kasvit\/wp-json\/wp\/v2\/pages\/1288\/revisions"}],"predecessor-version":[{"id":1301,"href":"https:\/\/www.hanectica.net\/kasvit\/wp-json\/wp\/v2\/pages\/1288\/revisions\/1301"}],"up":[{"embeddable":true,"href":"https:\/\/www.hanectica.net\/kasvit\/wp-json\/wp\/v2\/pages\/372"}],"wp:attachment":[{"href":"https:\/\/www.hanectica.net\/kasvit\/wp-json\/wp\/v2\/media?parent=1288"}],"curies":[{"name":"wp","href":"https:\/\/api.w.org\/{rel}","templated":true}]}}